{"id":45,"date":"2020-06-12T14:43:11","date_gmt":"2020-06-12T12:43:11","guid":{"rendered":"https:\/\/roosplan.com\/?page_id=45"},"modified":"2024-03-05T16:31:21","modified_gmt":"2024-03-05T15:31:21","slug":"roosplan-startseite","status":"publish","type":"page","link":"https:\/\/roosplan.de\/es\/","title":{"rendered":"Startseite"},"content":{"rendered":"<div class=\"wp-block-image\">\n<figure class=\"aligncenter size-full\"><img decoding=\"async\" loading=\"lazy\" width=\"1024\" height=\"591\" src=\"https:\/\/roosplan.de\/wp-content\/uploads\/2024\/03\/Titelseite-alternativ-V20.jpg\" alt=\"\" class=\"wp-image-2935\" srcset=\"https:\/\/roosplan.de\/wp-content\/uploads\/2024\/03\/Titelseite-alternativ-V20.jpg 1024w, https:\/\/roosplan.de\/wp-content\/uploads\/2024\/03\/Titelseite-alternativ-V20-300x173.jpg 300w, https:\/\/roosplan.de\/wp-content\/uploads\/2024\/03\/Titelseite-alternativ-V20-768x443.jpg 768w, https:\/\/roosplan.de\/wp-content\/uploads\/2024\/03\/Titelseite-alternativ-V20-18x10.jpg 18w\" sizes=\"(max-width: 1024px) 100vw, 1024px\" \/><\/figure><\/div>\n\n\n<p><\/p>\n\n\n\n<figure class=\"wp-block-image\"><img alt=\"\"\/><\/figure>\n\n\n\n<p>Als interdisziplin\u00e4res Planungsb\u00fcro f\u00fcr Freiraum-, Stadt-, und Landschaftsplanung stehen wir unseren Auftraggebern als Planer und Berater zur Seite. Die Bed\u00fcrfnisse des Menschen in den Bereichen Wohnen, Arbeiten, Fortbewegung und Erholung, sowie ein nachhaltiger und wertsch\u00e4tzender Umgang mit Natur und Landschaft sind uns besonders wichtig. Bevor Ver\u00e4nderungen geplant werden, ist ein genauer Blick auf die vorhandenen Gegebenheiten, die Leistungsf\u00e4higkeit des Naturhaushalts und das Artenvorkommen unersetzlich.&nbsp;Die Wirtschaftlichkeit der Planungsergebnisse, eine gute gestalterische und \u00f6kologische Qualit\u00e4t stehen bei unserer zuverl\u00e4ssigen und engagierten Arbeitsweise im Mittelpunkt.<\/p>\n\n\n\n<p>Wir freuen uns auf Ihr Projekt!<\/p>\n\n\n\n<div class=\"wp-block-columns is-layout-flex wp-container-4\">\n<div class=\"wp-block-column is-layout-flow\">\n<figure class=\"wp-block-image size-full\"><img decoding=\"async\" loading=\"lazy\" width=\"388\" height=\"227\" src=\"https:\/\/roosplan.de\/wp-content\/uploads\/2022\/04\/Logo_BDLA.png\" alt=\"\" class=\"wp-image-1135\" srcset=\"https:\/\/roosplan.de\/wp-content\/uploads\/2022\/04\/Logo_BDLA.png 388w, https:\/\/roosplan.de\/wp-content\/uploads\/2022\/04\/Logo_BDLA-300x176.png 300w\" sizes=\"(max-width: 388px) 100vw, 388px\" \/><\/figure>\n<\/div>\n\n\n\n<div class=\"wp-block-column is-layout-flow\">\n<figure class=\"wp-block-image size-full\"><img decoding=\"async\" loading=\"lazy\" width=\"388\" height=\"227\" src=\"https:\/\/roosplan.de\/wp-content\/uploads\/2022\/12\/Logo_SRL_sw.jpg\" alt=\"\" class=\"wp-image-1266\" srcset=\"https:\/\/roosplan.de\/wp-content\/uploads\/2022\/12\/Logo_SRL_sw.jpg 388w, https:\/\/roosplan.de\/wp-content\/uploads\/2022\/12\/Logo_SRL_sw-300x176.jpg 300w\" sizes=\"(max-width: 388px) 100vw, 388px\" \/><\/figure>\n<\/div>\n\n\n\n<div class=\"wp-block-column is-layout-flow\">\n<figure class=\"wp-block-image size-full\"><img decoding=\"async\" loading=\"lazy\" width=\"388\" height=\"227\" src=\"https:\/\/roosplan.de\/wp-content\/uploads\/2022\/12\/Logo_UVP_links_sw-1.jpg\" alt=\"\" class=\"wp-image-1443\" srcset=\"https:\/\/roosplan.de\/wp-content\/uploads\/2022\/12\/Logo_UVP_links_sw-1.jpg 388w, https:\/\/roosplan.de\/wp-content\/uploads\/2022\/12\/Logo_UVP_links_sw-1-300x176.jpg 300w, https:\/\/roosplan.de\/wp-content\/uploads\/2022\/12\/Logo_UVP_links_sw-1-18x12.jpg 18w\" sizes=\"(max-width: 388px) 100vw, 388px\" \/><\/figure>\n<\/div>\n<\/div>\n\n\n\n<div class=\"wp-block-columns is-layout-flex wp-container-8\">\n<div class=\"wp-block-column is-layout-flow\">\n<figure class=\"wp-block-image size-full\"><img decoding=\"async\" loading=\"lazy\" width=\"388\" height=\"227\" src=\"https:\/\/roosplan.de\/wp-content\/uploads\/2022\/04\/Logo-AGF-BW-1.png\" alt=\"\" class=\"wp-image-1134\" srcset=\"https:\/\/roosplan.de\/wp-content\/uploads\/2022\/04\/Logo-AGF-BW-1.png 388w, https:\/\/roosplan.de\/wp-content\/uploads\/2022\/04\/Logo-AGF-BW-1-300x176.png 300w\" sizes=\"(max-width: 388px) 100vw, 388px\" \/><\/figure>\n<\/div>\n\n\n\n<div class=\"wp-block-column is-layout-flow\">\n<figure class=\"wp-block-image size-full\"><img decoding=\"async\" loading=\"lazy\" width=\"388\" height=\"227\" src=\"https:\/\/roosplan.de\/wp-content\/uploads\/2022\/12\/green-web-check2.jpg\" alt=\"\" class=\"wp-image-1270\" srcset=\"https:\/\/roosplan.de\/wp-content\/uploads\/2022\/12\/green-web-check2.jpg 388w, https:\/\/roosplan.de\/wp-content\/uploads\/2022\/12\/green-web-check2-300x176.jpg 300w\" sizes=\"(max-width: 388px) 100vw, 388px\" \/><\/figure>\n<\/div>\n\n\n\n<div class=\"wp-block-column is-layout-flow\">\n<figure class=\"wp-block-image size-full\"><img decoding=\"async\" loading=\"lazy\" width=\"388\" height=\"227\" src=\"https:\/\/roosplan.de\/wp-content\/uploads\/2022\/12\/Logo_BAUM_sw.jpg\" alt=\"\" class=\"wp-image-1267\" srcset=\"https:\/\/roosplan.de\/wp-content\/uploads\/2022\/12\/Logo_BAUM_sw.jpg 388w, https:\/\/roosplan.de\/wp-content\/uploads\/2022\/12\/Logo_BAUM_sw-300x176.jpg 300w\" sizes=\"(max-width: 388px) 100vw, 388px\" \/><\/figure>\n<\/div>\n<\/div>","protected":false},"excerpt":{"rendered":"<p>Als interdisziplin\u00e4res Planungsb\u00fcro f\u00fcr Freiraum-, Stadt-, und Landschaftsplanung stehen wir unseren Auftraggebern als Planer und Berater zur Seite. Die Bed\u00fcrfnisse des Menschen in den Bereichen Wohnen, Arbeiten, Fortbewegung und Erholung, sowie ein nachhaltiger und wertsch\u00e4tzender Umgang mit Natur und Landschaft sind uns besonders wichtig. Bevor Ver\u00e4nderungen geplant werden, ist ein genauer Blick auf die vorhandenen&hellip;&nbsp;<a href=\"https:\/\/roosplan.de\/es\/\" class=\"\" rel=\"bookmark\">Leer m\u00e1s &raquo;<span class=\"screen-reader-text\">Startseite<\/span><\/a><\/p>","protected":false},"author":2,"featured_media":0,"parent":0,"menu_order":0,"comment_status":"closed","ping_status":"closed","template":"","meta":{"neve_meta_sidebar":"","neve_meta_container":"","neve_meta_enable_content_width":"off","neve_meta_content_width":70,"neve_meta_title_alignment":"","neve_meta_author_avatar":"","neve_post_elements_order":"","neve_meta_disable_header":"","neve_meta_disable_footer":"","neve_meta_disable_title":"on","neve_meta_reading_time":"","_themeisle_gutenberg_block_has_review":false,"_links_to":"","_links_to_target":""},"tags":[28,27],"yoast_head":"<!-- This site is optimized with the Yoast SEO plugin v21.8.1 - https:\/\/yoast.com\/wordpress\/plugins\/seo\/ -->\n<title>Startseite - roosplan<\/title>\n<meta name=\"description\" content=\"roosplan ist ein Planungsb\u00fcro f\u00fcr Landschaftsarchitektur, Landschaftsplanung, Stadtplanung, Freiraumplanung und Freiraumgestaltung.\u00a0\u00a0\" \/>\n<meta name=\"robots\" content=\"index, follow, max-snippet:-1, max-image-preview:large, max-video-preview:-1\" \/>\n<link rel=\"canonical\" href=\"https:\/\/roosplan.de\/es\/\" \/>\n<meta property=\"og:locale\" content=\"es_ES\" \/>\n<meta property=\"og:type\" content=\"article\" \/>\n<meta property=\"og:title\" content=\"Startseite - roosplan\" \/>\n<meta property=\"og:description\" content=\"roosplan ist ein Planungsb\u00fcro f\u00fcr Landschaftsarchitektur, Landschaftsplanung, Stadtplanung, Freiraumplanung und Freiraumgestaltung.\u00a0\u00a0\" \/>\n<meta property=\"og:url\" content=\"https:\/\/roosplan.de\/es\/\" \/>\n<meta property=\"og:site_name\" content=\"roosplan\" \/>\n<meta property=\"article:modified_time\" content=\"2024-03-05T15:31:21+00:00\" \/>\n<meta property=\"og:image\" content=\"https:\/\/roosplan.de\/wp-content\/uploads\/2024\/03\/Titelseite-alternativ-V20.jpg\" \/>\n<meta name=\"twitter:card\" content=\"summary_large_image\" \/>\n<meta name=\"twitter:label1\" content=\"Tiempo de lectura\" \/>\n\t<meta name=\"twitter:data1\" content=\"3 minutos\" \/>\n<script type=\"application\/ld+json\" class=\"yoast-schema-graph\">{\"@context\":\"https:\/\/schema.org\",\"@graph\":[{\"@type\":\"WebPage\",\"@id\":\"https:\/\/roosplan.de\/\",\"url\":\"https:\/\/roosplan.de\/\",\"name\":\"Startseite - roosplan\",\"isPartOf\":{\"@id\":\"https:\/\/roosplan.de\/#website\"},\"datePublished\":\"2020-06-12T12:43:11+00:00\",\"dateModified\":\"2024-03-05T15:31:21+00:00\",\"description\":\"roosplan ist ein Planungsb\u00fcro f\u00fcr Landschaftsarchitektur, Landschaftsplanung, Stadtplanung, Freiraumplanung und Freiraumgestaltung.\u00a0\u00a0\",\"breadcrumb\":{\"@id\":\"https:\/\/roosplan.de\/#breadcrumb\"},\"inLanguage\":\"es\",\"potentialAction\":[{\"@type\":\"ReadAction\",\"target\":[\"https:\/\/roosplan.de\/\"]}]},{\"@type\":\"BreadcrumbList\",\"@id\":\"https:\/\/roosplan.de\/#breadcrumb\",\"itemListElement\":[{\"@type\":\"ListItem\",\"position\":1,\"name\":\"Startseite\",\"item\":\"https:\/\/roosplan.de\/\"},{\"@type\":\"ListItem\",\"position\":2,\"name\":\"Startseite\"}]},{\"@type\":\"WebSite\",\"@id\":\"https:\/\/roosplan.de\/#website\",\"url\":\"https:\/\/roosplan.de\/\",\"name\":\"roosplan\",\"description\":\"Planungsb\u00fcro f\u00fcr Freiraum, Stadt und Landschaft\",\"publisher\":{\"@id\":\"https:\/\/roosplan.de\/#organization\"},\"potentialAction\":[{\"@type\":\"SearchAction\",\"target\":{\"@type\":\"EntryPoint\",\"urlTemplate\":\"https:\/\/roosplan.de\/?s={search_term_string}\"},\"query-input\":\"required name=search_term_string\"}],\"inLanguage\":\"es\"},{\"@type\":\"Organization\",\"@id\":\"https:\/\/roosplan.de\/#organization\",\"name\":\"roosplan\",\"url\":\"https:\/\/roosplan.de\/\",\"logo\":{\"@type\":\"ImageObject\",\"inLanguage\":\"es\",\"@id\":\"https:\/\/roosplan.de\/#\/schema\/logo\/image\/\",\"url\":\"https:\/\/roosplan.de\/wp-content\/uploads\/2022\/05\/cropped-roosplan-logo-web.jpg\",\"contentUrl\":\"https:\/\/roosplan.de\/wp-content\/uploads\/2022\/05\/cropped-roosplan-logo-web.jpg\",\"width\":583,\"height\":138,\"caption\":\"roosplan\"},\"image\":{\"@id\":\"https:\/\/roosplan.de\/#\/schema\/logo\/image\/\"}}]}<\/script>\n<!-- \/ Yoast SEO plugin. -->","yoast_head_json":{"title":"Startseite - roosplan","description":"roosplan ist ein Planungsb\u00fcro f\u00fcr Landschaftsarchitektur, Landschaftsplanung, Stadtplanung, Freiraumplanung und Freiraumgestaltung.\u00a0\u00a0","robots":{"index":"index","follow":"follow","max-snippet":"max-snippet:-1","max-image-preview":"max-image-preview:large","max-video-preview":"max-video-preview:-1"},"canonical":"https:\/\/roosplan.de\/es\/","og_locale":"es_ES","og_type":"article","og_title":"Startseite - roosplan","og_description":"roosplan ist ein Planungsb\u00fcro f\u00fcr Landschaftsarchitektur, Landschaftsplanung, Stadtplanung, Freiraumplanung und Freiraumgestaltung.\u00a0\u00a0","og_url":"https:\/\/roosplan.de\/es\/","og_site_name":"roosplan","article_modified_time":"2024-03-05T15:31:21+00:00","og_image":[{"url":"https:\/\/roosplan.de\/wp-content\/uploads\/2024\/03\/Titelseite-alternativ-V20.jpg"}],"twitter_card":"summary_large_image","twitter_misc":{"Tiempo de lectura":"3 minutos"},"schema":{"@context":"https:\/\/schema.org","@graph":[{"@type":"WebPage","@id":"https:\/\/roosplan.de\/","url":"https:\/\/roosplan.de\/","name":"Startseite - roosplan","isPartOf":{"@id":"https:\/\/roosplan.de\/#website"},"datePublished":"2020-06-12T12:43:11+00:00","dateModified":"2024-03-05T15:31:21+00:00","description":"roosplan ist ein Planungsb\u00fcro f\u00fcr Landschaftsarchitektur, Landschaftsplanung, Stadtplanung, Freiraumplanung und Freiraumgestaltung.\u00a0\u00a0","breadcrumb":{"@id":"https:\/\/roosplan.de\/#breadcrumb"},"inLanguage":"es","potentialAction":[{"@type":"ReadAction","target":["https:\/\/roosplan.de\/"]}]},{"@type":"BreadcrumbList","@id":"https:\/\/roosplan.de\/#breadcrumb","itemListElement":[{"@type":"ListItem","position":1,"name":"Startseite","item":"https:\/\/roosplan.de\/"},{"@type":"ListItem","position":2,"name":"Startseite"}]},{"@type":"WebSite","@id":"https:\/\/roosplan.de\/#website","url":"https:\/\/roosplan.de\/","name":"roosplan","description":"Planungsb\u00fcro f\u00fcr Freiraum, Stadt und Landschaft","publisher":{"@id":"https:\/\/roosplan.de\/#organization"},"potentialAction":[{"@type":"SearchAction","target":{"@type":"EntryPoint","urlTemplate":"https:\/\/roosplan.de\/?s={search_term_string}"},"query-input":"required name=search_term_string"}],"inLanguage":"es"},{"@type":"Organization","@id":"https:\/\/roosplan.de\/#organization","name":"roosplan","url":"https:\/\/roosplan.de\/","logo":{"@type":"ImageObject","inLanguage":"es","@id":"https:\/\/roosplan.de\/#\/schema\/logo\/image\/","url":"https:\/\/roosplan.de\/wp-content\/uploads\/2022\/05\/cropped-roosplan-logo-web.jpg","contentUrl":"https:\/\/roosplan.de\/wp-content\/uploads\/2022\/05\/cropped-roosplan-logo-web.jpg","width":583,"height":138,"caption":"roosplan"},"image":{"@id":"https:\/\/roosplan.de\/#\/schema\/logo\/image\/"}}]}},"_links":{"self":[{"href":"https:\/\/roosplan.de\/es\/wp-json\/wp\/v2\/pages\/45"}],"collection":[{"href":"https:\/\/roosplan.de\/es\/wp-json\/wp\/v2\/pages"}],"about":[{"href":"https:\/\/roosplan.de\/es\/wp-json\/wp\/v2\/types\/page"}],"author":[{"embeddable":true,"href":"https:\/\/roosplan.de\/es\/wp-json\/wp\/v2\/users\/2"}],"replies":[{"embeddable":true,"href":"https:\/\/roosplan.de\/es\/wp-json\/wp\/v2\/comments?post=45"}],"version-history":[{"count":157,"href":"https:\/\/roosplan.de\/es\/wp-json\/wp\/v2\/pages\/45\/revisions"}],"predecessor-version":[{"id":2942,"href":"https:\/\/roosplan.de\/es\/wp-json\/wp\/v2\/pages\/45\/revisions\/2942"}],"wp:attachment":[{"href":"https:\/\/roosplan.de\/es\/wp-json\/wp\/v2\/media?parent=45"}],"wp:term":[{"taxonomy":"post_tag","embeddable":true,"href":"https:\/\/roosplan.de\/es\/wp-json\/wp\/v2\/tags?post=45"}],"curies":[{"name":"wp","href":"https:\/\/api.w.org\/{rel}","templated":true}]}}