{"id":9,"date":"2020-06-11T09:14:44","date_gmt":"2020-06-11T07:14:44","guid":{"rendered":"https:\/\/roosplan.com\/?page_id=9"},"modified":"2025-07-30T14:03:54","modified_gmt":"2025-07-30T12:03:54","slug":"landschaftsarchitektur","status":"publish","type":"page","link":"https:\/\/roosplan.de\/en\/landschaftsarchitektur\/","title":{"rendered":"Landschaftsarchitektur"},"content":{"rendered":"<div class=\"wp-block-image\">\n<figure class=\"aligncenter size-large\"><img decoding=\"async\" loading=\"lazy\" width=\"1024\" height=\"261\" src=\"https:\/\/roosplan.de\/wp-content\/uploads\/2023\/09\/Landschaftsarchitektur_schmal-farbe2-3-1024x261.jpg\" alt=\"\" class=\"wp-image-2730\" srcset=\"https:\/\/roosplan.de\/wp-content\/uploads\/2023\/09\/Landschaftsarchitektur_schmal-farbe2-3-1024x261.jpg 1024w, https:\/\/roosplan.de\/wp-content\/uploads\/2023\/09\/Landschaftsarchitektur_schmal-farbe2-3-300x77.jpg 300w, https:\/\/roosplan.de\/wp-content\/uploads\/2023\/09\/Landschaftsarchitektur_schmal-farbe2-3-768x196.jpg 768w, https:\/\/roosplan.de\/wp-content\/uploads\/2023\/09\/Landschaftsarchitektur_schmal-farbe2-3-18x5.jpg 18w, https:\/\/roosplan.de\/wp-content\/uploads\/2023\/09\/Landschaftsarchitektur_schmal-farbe2-3.jpg 1200w\" sizes=\"(max-width: 1024px) 100vw, 1024px\" \/><\/figure><\/div>\n\n\n<p><\/p>\n\n\n\n<figure class=\"wp-block-image\"><img alt=\"\"\/><\/figure>\n\n\n\n<h2 class=\"wp-block-heading\">Landschaftsarchitektur<\/h2>\n\n\n\n<p>In Zeiten des globalen, klimatischen und gesellschaftlichen Wandels, suchen wir kreative L\u00f6sungen zum Schutz und zur Entwicklung einer lebenswerten Umwelt und einer intakten Natur. Ziel unserer Arbeit ist es, Freir\u00e4ume zu schaffen, die ein positives Lebensgef\u00fchl vermitteln und in denen sich Menschen gerne aufhalten und wohlf\u00fchlen.<\/p>\n\n\n\n<p>Als besondere Herausforderung sehen wir dabei die Auseinandersetzung mit unterschiedlichen Interessen und Anspr\u00fcchen sowie die Suche nach neuen, wirtschaftlichen, sozial- und \u00f6kologisch vertr\u00e4glichen L\u00f6sungen. Als Landschaftsarchitekten sind wir uns der Bedeutung nat\u00fcrlicher Ressourcen bewusst. Der nachhaltige und schonende Umgang mit Natur und Umwelt unter Ber\u00fccksichtigung pers\u00f6nlicher Bed\u00fcrfnisse und der Auswahl geeigneter Baustoffe ist f\u00fcr uns deshalb von hoher Bedeutung.<\/p>\n\n\n\n<p>Unser Leistungsspektrum umfasst alle Leistungsphasen vom ersten Entwurf bis zur Ausf\u00fchrungsplanung und Begleitung des Projekts in der Bauphase. Dabei orientieren wir uns an den W\u00fcnschen und Vorgaben unserer Auftraggeber, um gemeinsam innovative und umweltbewusste L\u00f6sungen zu finden. Auf eine gute Zusammenarbeit mit unseren Auftraggebern, allen Planungsbeteiligten und den ausf\u00fchrenden Firmen legen wir besonderen Wert.<\/p>\n\n\n\n<p><\/p>\n\n\n\n<figure class=\"wp-block-image\"><img alt=\"\"\/><\/figure>\n\n\n\n<h3 class=\"wp-block-heading\">Referenzprojekte<\/h3>\n\n\n\n<div class=\"wp-block-group is-layout-flow\"><div class=\"wp-block-group__inner-container\">\n<div class=\"wp-block-group is-layout-flow\"><div class=\"wp-block-group__inner-container\">\n<div class=\"wp-block-columns is-layout-flex wp-container-2\">\n<div class=\"wp-block-column is-layout-flow\"><div class=\"wp-block-themeisle-blocks-posts-grid\" id=\"wp-block-themeisle-blocks-posts-grid-0c07d0fb\"><div class=\"is-grid o-posts-grid-columns-3\"><div class=\"o-posts-grid-post-blog o-posts-grid-post-plain\"><div class=\"o-posts-grid-post\"><div class=\"o-posts-grid-post-image\"><a href=\"https:\/\/roosplan.de\/en\/landschaftsarchitektur\/aalen-fachsenfeld-kita-am-himmling\/\"><img width=\"1024\" height=\"682\" src=\"https:\/\/roosplan.de\/wp-content\/uploads\/2025\/06\/250604_AalenFachsenfeld_01-1024x682.jpg\" class=\"attachment-large size-large\" alt=\"\" decoding=\"async\" loading=\"lazy\" srcset=\"https:\/\/roosplan.de\/wp-content\/uploads\/2025\/06\/250604_AalenFachsenfeld_01-1024x682.jpg 1024w, https:\/\/roosplan.de\/wp-content\/uploads\/2025\/06\/250604_AalenFachsenfeld_01-300x200.jpg 300w, https:\/\/roosplan.de\/wp-content\/uploads\/2025\/06\/250604_AalenFachsenfeld_01-768x512.jpg 768w, https:\/\/roosplan.de\/wp-content\/uploads\/2025\/06\/250604_AalenFachsenfeld_01-1536x1024.jpg 1536w, https:\/\/roosplan.de\/wp-content\/uploads\/2025\/06\/250604_AalenFachsenfeld_01-18x12.jpg 18w, https:\/\/roosplan.de\/wp-content\/uploads\/2025\/06\/250604_AalenFachsenfeld_01-930x620.jpg 930w, https:\/\/roosplan.de\/wp-content\/uploads\/2025\/06\/250604_AalenFachsenfeld_01.jpg 2000w\" sizes=\"(max-width: 1024px) 100vw, 1024px\" \/><\/a><\/div><div class=\"o-posts-grid-post-body\"><h5 class=\"o-posts-grid-post-title\"><a href=\"https:\/\/roosplan.de\/en\/landschaftsarchitektur\/aalen-fachsenfeld-kita-am-himmling\/\">Aalen \u2013 Fachsenfeld, Kita am Himmling<\/a><\/h5><div class=\"o-posts-grid-post-description\"><\/div><\/div><\/div><\/div><div class=\"o-posts-grid-post-blog o-posts-grid-post-plain\"><div class=\"o-posts-grid-post\"><div class=\"o-posts-grid-post-image\"><a href=\"https:\/\/roosplan.de\/en\/landschaftsarchitektur\/weissach-im-tal-auenpark\/\"><img width=\"1024\" height=\"682\" src=\"https:\/\/roosplan.de\/wp-content\/uploads\/2025\/06\/250604_Auenpark_04-1024x682.jpg\" class=\"attachment-large size-large\" alt=\"\" decoding=\"async\" loading=\"lazy\" srcset=\"https:\/\/roosplan.de\/wp-content\/uploads\/2025\/06\/250604_Auenpark_04-1024x682.jpg 1024w, https:\/\/roosplan.de\/wp-content\/uploads\/2025\/06\/250604_Auenpark_04-300x200.jpg 300w, https:\/\/roosplan.de\/wp-content\/uploads\/2025\/06\/250604_Auenpark_04-768x512.jpg 768w, https:\/\/roosplan.de\/wp-content\/uploads\/2025\/06\/250604_Auenpark_04-1536x1024.jpg 1536w, https:\/\/roosplan.de\/wp-content\/uploads\/2025\/06\/250604_Auenpark_04-18x12.jpg 18w, https:\/\/roosplan.de\/wp-content\/uploads\/2025\/06\/250604_Auenpark_04-930x620.jpg 930w, https:\/\/roosplan.de\/wp-content\/uploads\/2025\/06\/250604_Auenpark_04.jpg 2000w\" sizes=\"(max-width: 1024px) 100vw, 1024px\" \/><\/a><\/div><div class=\"o-posts-grid-post-body\"><h5 class=\"o-posts-grid-post-title\"><a href=\"https:\/\/roosplan.de\/en\/landschaftsarchitektur\/weissach-im-tal-auenpark\/\">Weissach im Tal \u2013 Auenpark<\/a><\/h5><div class=\"o-posts-grid-post-description\"><\/div><\/div><\/div><\/div><div class=\"o-posts-grid-post-blog o-posts-grid-post-plain\"><div class=\"o-posts-grid-post\"><div class=\"o-posts-grid-post-image\"><a href=\"https:\/\/roosplan.de\/en\/landschaftsarchitektur\/ebersberg-trockenmauersanierung\/\"><img width=\"1024\" height=\"683\" src=\"https:\/\/roosplan.de\/wp-content\/uploads\/2020\/06\/referenz-trockenmauer-03.jpg\" class=\"attachment-large size-large\" alt=\"Landschaftsarchitektur Referenz Trockenmauern (Bild: roosplan)\" decoding=\"async\" loading=\"lazy\" srcset=\"https:\/\/roosplan.de\/wp-content\/uploads\/2020\/06\/referenz-trockenmauer-03.jpg 1024w, https:\/\/roosplan.de\/wp-content\/uploads\/2020\/06\/referenz-trockenmauer-03-300x200.jpg 300w, https:\/\/roosplan.de\/wp-content\/uploads\/2020\/06\/referenz-trockenmauer-03-768x512.jpg 768w\" sizes=\"(max-width: 1024px) 100vw, 1024px\" \/><\/a><\/div><div class=\"o-posts-grid-post-body\"><h5 class=\"o-posts-grid-post-title\"><a href=\"https:\/\/roosplan.de\/en\/landschaftsarchitektur\/ebersberg-trockenmauersanierung\/\">Auenwald &#8211; Trockenmauer-Sanierung am Ebersberg<\/a><\/h5><div class=\"o-posts-grid-post-description\"><\/div><\/div><\/div><\/div><div class=\"o-posts-grid-post-blog o-posts-grid-post-plain\"><div class=\"o-posts-grid-post\"><div class=\"o-posts-grid-post-image\"><a href=\"https:\/\/roosplan.de\/en\/landschaftsarchitektur\/leutenbach-neugestaltung-des-spielplatzes-schafaecker\/\"><img width=\"1011\" height=\"450\" src=\"https:\/\/roosplan.de\/wp-content\/uploads\/2020\/06\/spielplatz-weiler-zs-03-e1606933268659.jpg\" class=\"attachment-large size-large\" alt=\"Landschaftsarchitektur Referenz Spielplatz Schaf\u00e4cker Weiler zum Stein (Bild: roosplan)\" decoding=\"async\" loading=\"lazy\" srcset=\"https:\/\/roosplan.de\/wp-content\/uploads\/2020\/06\/spielplatz-weiler-zs-03-e1606933268659.jpg 1011w, https:\/\/roosplan.de\/wp-content\/uploads\/2020\/06\/spielplatz-weiler-zs-03-e1606933268659-300x134.jpg 300w, https:\/\/roosplan.de\/wp-content\/uploads\/2020\/06\/spielplatz-weiler-zs-03-e1606933268659-768x342.jpg 768w, https:\/\/roosplan.de\/wp-content\/uploads\/2020\/06\/spielplatz-weiler-zs-03-e1606933268659-900x400.jpg 900w\" sizes=\"(max-width: 1011px) 100vw, 1011px\" \/><\/a><\/div><div class=\"o-posts-grid-post-body\"><h5 class=\"o-posts-grid-post-title\"><a href=\"https:\/\/roosplan.de\/en\/landschaftsarchitektur\/leutenbach-neugestaltung-des-spielplatzes-schafaecker\/\">Leutenbach &#8211; Neugestaltung des Spielplatzes &#8222;Schaf\u00e4cker&#8220;<\/a><\/h5><div class=\"o-posts-grid-post-description\"><\/div><\/div><\/div><\/div><div class=\"o-posts-grid-post-blog o-posts-grid-post-plain\"><div class=\"o-posts-grid-post\"><div class=\"o-posts-grid-post-image\"><a href=\"https:\/\/roosplan.de\/en\/landschaftsarchitektur\/auenwald-sanierung-der-freizeitanlage-zwiebelberg\/\"><img width=\"1024\" height=\"455\" src=\"https:\/\/roosplan.de\/wp-content\/uploads\/2020\/06\/fort-laramie-02-e1606932112421.jpg\" class=\"attachment-large size-large\" alt=\"Landschaftsarchitektur Referenz Fort Laramie (Bild: roosplan)\" decoding=\"async\" loading=\"lazy\" srcset=\"https:\/\/roosplan.de\/wp-content\/uploads\/2020\/06\/fort-laramie-02-e1606932112421.jpg 1024w, https:\/\/roosplan.de\/wp-content\/uploads\/2020\/06\/fort-laramie-02-e1606932112421-300x133.jpg 300w, https:\/\/roosplan.de\/wp-content\/uploads\/2020\/06\/fort-laramie-02-e1606932112421-768x341.jpg 768w, https:\/\/roosplan.de\/wp-content\/uploads\/2020\/06\/fort-laramie-02-e1606932112421-900x400.jpg 900w\" sizes=\"(max-width: 1024px) 100vw, 1024px\" \/><\/a><\/div><div class=\"o-posts-grid-post-body\"><h5 class=\"o-posts-grid-post-title\"><a href=\"https:\/\/roosplan.de\/en\/landschaftsarchitektur\/auenwald-sanierung-der-freizeitanlage-zwiebelberg\/\">Auenwald \u2013 Sanierung der Freizeitanlage &#8222;Zwiebelberg&#8220;<\/a><\/h5><div class=\"o-posts-grid-post-description\"><\/div><\/div><\/div><\/div><div class=\"o-posts-grid-post-blog o-posts-grid-post-plain\"><div class=\"o-posts-grid-post\"><div class=\"o-posts-grid-post-image\"><a href=\"https:\/\/roosplan.de\/en\/landschaftsarchitektur\/ludwigsburg-schlossgaerten\/\"><img width=\"500\" height=\"300\" src=\"https:\/\/roosplan.de\/wp-content\/uploads\/2023\/04\/Schloss1.jpg\" class=\"attachment-large size-large\" alt=\"\" decoding=\"async\" loading=\"lazy\" srcset=\"https:\/\/roosplan.de\/wp-content\/uploads\/2023\/04\/Schloss1.jpg 500w, https:\/\/roosplan.de\/wp-content\/uploads\/2023\/04\/Schloss1-300x180.jpg 300w, https:\/\/roosplan.de\/wp-content\/uploads\/2023\/04\/Schloss1-18x12.jpg 18w\" sizes=\"(max-width: 500px) 100vw, 500px\" \/><\/a><\/div><div class=\"o-posts-grid-post-body\"><h5 class=\"o-posts-grid-post-title\"><a href=\"https:\/\/roosplan.de\/en\/landschaftsarchitektur\/ludwigsburg-schlossgaerten\/\">Ludwigsburg \u2013 Schlossg\u00e4rten<\/a><\/h5><div class=\"o-posts-grid-post-description\"><\/div><\/div><\/div><\/div><div class=\"o-posts-grid-post-blog o-posts-grid-post-plain\"><div class=\"o-posts-grid-post\"><div class=\"o-posts-grid-post-image\"><a href=\"https:\/\/roosplan.de\/en\/landschaftsarchitektur\/benningen-aussichtspunkt-weinberge\/\"><img width=\"1016\" height=\"453\" src=\"https:\/\/roosplan.de\/wp-content\/uploads\/2023\/04\/Benningen-P1.jpg\" class=\"attachment-large size-large\" alt=\"\" decoding=\"async\" loading=\"lazy\" srcset=\"https:\/\/roosplan.de\/wp-content\/uploads\/2023\/04\/Benningen-P1.jpg 1016w, https:\/\/roosplan.de\/wp-content\/uploads\/2023\/04\/Benningen-P1-300x134.jpg 300w, https:\/\/roosplan.de\/wp-content\/uploads\/2023\/04\/Benningen-P1-768x342.jpg 768w, https:\/\/roosplan.de\/wp-content\/uploads\/2023\/04\/Benningen-P1-18x8.jpg 18w\" sizes=\"(max-width: 1016px) 100vw, 1016px\" \/><\/a><\/div><div class=\"o-posts-grid-post-body\"><h5 class=\"o-posts-grid-post-title\"><a href=\"https:\/\/roosplan.de\/en\/landschaftsarchitektur\/benningen-aussichtspunkt-weinberge\/\">Benningen &#8211; Aussichtspunkt Weinberge<\/a><\/h5><div class=\"o-posts-grid-post-description\"><\/div><\/div><\/div><\/div><div class=\"o-posts-grid-post-blog o-posts-grid-post-plain\"><div class=\"o-posts-grid-post\"><div class=\"o-posts-grid-post-image\"><a href=\"https:\/\/roosplan.de\/en\/landschaftsarchitektur\/holzbach-naturschutzrechtliche-ausgleichmassnahmen\/\"><img width=\"1024\" height=\"455\" src=\"https:\/\/roosplan.de\/wp-content\/uploads\/2020\/06\/referenz-holzbachtach-01-e1606931957384.jpg\" class=\"attachment-large size-large\" alt=\"Landschaftsarchitektur Referenz Holzbachtal (Bild: roosplan)\" decoding=\"async\" loading=\"lazy\" srcset=\"https:\/\/roosplan.de\/wp-content\/uploads\/2020\/06\/referenz-holzbachtach-01-e1606931957384.jpg 1024w, https:\/\/roosplan.de\/wp-content\/uploads\/2020\/06\/referenz-holzbachtach-01-e1606931957384-300x133.jpg 300w, https:\/\/roosplan.de\/wp-content\/uploads\/2020\/06\/referenz-holzbachtach-01-e1606931957384-768x341.jpg 768w, https:\/\/roosplan.de\/wp-content\/uploads\/2020\/06\/referenz-holzbachtach-01-e1606931957384-900x400.jpg 900w\" sizes=\"(max-width: 1024px) 100vw, 1024px\" \/><\/a><\/div><div class=\"o-posts-grid-post-body\"><h5 class=\"o-posts-grid-post-title\"><a href=\"https:\/\/roosplan.de\/en\/landschaftsarchitektur\/holzbach-naturschutzrechtliche-ausgleichmassnahmen\/\">Holzbach \u2013 Naturschutzrechtliche Ausgleichma\u00dfnahmen<\/a><\/h5><div class=\"o-posts-grid-post-description\"><\/div><\/div><\/div><\/div><div class=\"o-posts-grid-post-blog o-posts-grid-post-plain\"><div class=\"o-posts-grid-post\"><div class=\"o-posts-grid-post-image\"><a href=\"https:\/\/roosplan.de\/en\/landschaftsarchitektur\/leutenbach-neugestaltung-des-landschaftsparks-hoellachaue\/\"><img width=\"500\" height=\"300\" src=\"https:\/\/roosplan.de\/wp-content\/uploads\/2020\/06\/th_hoellachaue.jpg\" class=\"attachment-large size-large\" alt=\"\" decoding=\"async\" loading=\"lazy\" srcset=\"https:\/\/roosplan.de\/wp-content\/uploads\/2020\/06\/th_hoellachaue.jpg 500w, https:\/\/roosplan.de\/wp-content\/uploads\/2020\/06\/th_hoellachaue-300x180.jpg 300w\" sizes=\"(max-width: 500px) 100vw, 500px\" \/><\/a><\/div><div class=\"o-posts-grid-post-body\"><h5 class=\"o-posts-grid-post-title\"><a href=\"https:\/\/roosplan.de\/en\/landschaftsarchitektur\/leutenbach-neugestaltung-des-landschaftsparks-hoellachaue\/\">Leutenbach &#8211;\u00a0Neugestaltung des Landschaftsparks &#8222;H\u00f6llachaue&#8220;<\/a><\/h5><div class=\"o-posts-grid-post-description\"><\/div><\/div><\/div><\/div><\/div> <\/div><\/div>\n<\/div>\n\n\n\n<figure class=\"wp-block-image\"><img alt=\"\"\/><\/figure>\n<\/div><\/div>\n<\/div><\/div>\n\n\n\n<h3 class=\"wp-block-heading\">Leistungen<\/h3>\n\n\n\n<div class=\"wp-block-columns is-layout-flex wp-container-7\">\n<div class=\"wp-block-column is-layout-flow\">\n<ul>\n<li>Garten-, Platz- und Parkgestaltung<\/li>\n\n\n\n<li>Stra\u00dfenraumgestaltung<\/li>\n\n\n\n<li>Spielplatzplanung<\/li>\n\n\n\n<li>Friedhofsplanung<\/li>\n<\/ul>\n<\/div>\n\n\n\n<div class=\"wp-block-column is-layout-flow\">\n<ul>\n<li>Sport- und Freizeitanlagen<\/li>\n\n\n\n<li>Parkpl\u00e4tze<\/li>\n\n\n\n<li>Inner\u00f6rtliche Gr\u00fcnz\u00fcge<\/li>\n\n\n\n<li>Pflege- und Entwicklungspl\u00e4ne<\/li>\n<\/ul>\n<\/div>\n<\/div>\n\n\n<p><\/p>","protected":false},"excerpt":{"rendered":"<p>Landschaftsarchitektur In Zeiten des globalen, klimatischen und gesellschaftlichen Wandels, suchen wir kreative L\u00f6sungen zum Schutz und zur Entwicklung einer lebenswerten Umwelt und einer intakten Natur. Ziel unserer Arbeit ist es, Freir\u00e4ume zu schaffen, die ein positives Lebensgef\u00fchl vermitteln und in denen sich Menschen gerne aufhalten und wohlf\u00fchlen. Als besondere Herausforderung sehen wir dabei die Auseinandersetzung&hellip;&nbsp;<a href=\"https:\/\/roosplan.de\/en\/landschaftsarchitektur\/\" class=\"\" rel=\"bookmark\">Read More &raquo;<span class=\"screen-reader-text\">Landschaftsarchitektur<\/span><\/a><\/p>","protected":false},"author":2,"featured_media":0,"parent":0,"menu_order":0,"comment_status":"closed","ping_status":"closed","template":"","meta":{"neve_meta_sidebar":"","neve_meta_container":"","neve_meta_enable_content_width":"","neve_meta_content_width":0,"neve_meta_title_alignment":"","neve_meta_author_avatar":"","neve_post_elements_order":"","neve_meta_disable_header":"","neve_meta_disable_footer":"","neve_meta_disable_title":"on","neve_meta_reading_time":"","_themeisle_gutenberg_block_has_review":false,"_links_to":"","_links_to_target":""},"tags":[7],"yoast_head":"<!-- This site is optimized with the Yoast SEO plugin v21.8.1 - https:\/\/yoast.com\/wordpress\/plugins\/seo\/ -->\n<title>Landschaftsarchitektur - roosplan<\/title>\n<meta name=\"description\" content=\"Die Leistungen unseres Landschaftsarchitekturb\u00fcros umfasst alle Phasen der Landschaftsarchitektur: vom Entwurf bis zur Begleitung im Bau\" \/>\n<meta name=\"robots\" content=\"index, follow, max-snippet:-1, max-image-preview:large, max-video-preview:-1\" \/>\n<link rel=\"canonical\" href=\"https:\/\/roosplan.de\/en\/landschaftsarchitektur\/\" \/>\n<meta property=\"og:locale\" content=\"en_GB\" \/>\n<meta property=\"og:type\" content=\"article\" \/>\n<meta property=\"og:title\" content=\"Landschaftsarchitektur - roosplan\" \/>\n<meta property=\"og:description\" content=\"Die Leistungen unseres Landschaftsarchitekturb\u00fcros umfasst alle Phasen der Landschaftsarchitektur: vom Entwurf bis zur Begleitung im Bau\" \/>\n<meta property=\"og:url\" content=\"https:\/\/roosplan.de\/en\/landschaftsarchitektur\/\" \/>\n<meta property=\"og:site_name\" content=\"roosplan\" \/>\n<meta property=\"article:modified_time\" content=\"2025-07-30T12:03:54+00:00\" \/>\n<meta property=\"og:image\" content=\"https:\/\/roosplan.de\/wp-content\/uploads\/2023\/09\/Landschaftsarchitektur_schmal-farbe2-3-1024x261.jpg\" \/>\n<meta name=\"twitter:card\" content=\"summary_large_image\" \/>\n<meta name=\"twitter:label1\" content=\"Estimated reading time\" \/>\n\t<meta name=\"twitter:data1\" content=\"2 minutes\" \/>\n<script type=\"application\/ld+json\" class=\"yoast-schema-graph\">{\"@context\":\"https:\/\/schema.org\",\"@graph\":[{\"@type\":\"WebPage\",\"@id\":\"https:\/\/roosplan.de\/landschaftsarchitektur\/\",\"url\":\"https:\/\/roosplan.de\/landschaftsarchitektur\/\",\"name\":\"Landschaftsarchitektur - roosplan\",\"isPartOf\":{\"@id\":\"https:\/\/roosplan.de\/#website\"},\"datePublished\":\"2020-06-11T07:14:44+00:00\",\"dateModified\":\"2025-07-30T12:03:54+00:00\",\"description\":\"Die Leistungen unseres Landschaftsarchitekturb\u00fcros umfasst alle Phasen der Landschaftsarchitektur: vom Entwurf bis zur Begleitung im Bau\",\"breadcrumb\":{\"@id\":\"https:\/\/roosplan.de\/landschaftsarchitektur\/#breadcrumb\"},\"inLanguage\":\"en-GB\",\"potentialAction\":[{\"@type\":\"ReadAction\",\"target\":[\"https:\/\/roosplan.de\/landschaftsarchitektur\/\"]}]},{\"@type\":\"BreadcrumbList\",\"@id\":\"https:\/\/roosplan.de\/landschaftsarchitektur\/#breadcrumb\",\"itemListElement\":[{\"@type\":\"ListItem\",\"position\":1,\"name\":\"Startseite\",\"item\":\"https:\/\/roosplan.de\/\"},{\"@type\":\"ListItem\",\"position\":2,\"name\":\"Landschaftsarchitektur\"}]},{\"@type\":\"WebSite\",\"@id\":\"https:\/\/roosplan.de\/#website\",\"url\":\"https:\/\/roosplan.de\/\",\"name\":\"roosplan\",\"description\":\"Planungsb\u00fcro f\u00fcr Freiraum, Stadt und Landschaft\",\"publisher\":{\"@id\":\"https:\/\/roosplan.de\/#organization\"},\"potentialAction\":[{\"@type\":\"SearchAction\",\"target\":{\"@type\":\"EntryPoint\",\"urlTemplate\":\"https:\/\/roosplan.de\/?s={search_term_string}\"},\"query-input\":\"required name=search_term_string\"}],\"inLanguage\":\"en-GB\"},{\"@type\":\"Organization\",\"@id\":\"https:\/\/roosplan.de\/#organization\",\"name\":\"roosplan\",\"url\":\"https:\/\/roosplan.de\/\",\"logo\":{\"@type\":\"ImageObject\",\"inLanguage\":\"en-GB\",\"@id\":\"https:\/\/roosplan.de\/#\/schema\/logo\/image\/\",\"url\":\"https:\/\/roosplan.de\/wp-content\/uploads\/2022\/05\/cropped-roosplan-logo-web.jpg\",\"contentUrl\":\"https:\/\/roosplan.de\/wp-content\/uploads\/2022\/05\/cropped-roosplan-logo-web.jpg\",\"width\":583,\"height\":138,\"caption\":\"roosplan\"},\"image\":{\"@id\":\"https:\/\/roosplan.de\/#\/schema\/logo\/image\/\"}}]}<\/script>\n<!-- \/ Yoast SEO plugin. -->","yoast_head_json":{"title":"Landschaftsarchitektur - roosplan","description":"Die Leistungen unseres Landschaftsarchitekturb\u00fcros umfasst alle Phasen der Landschaftsarchitektur: vom Entwurf bis zur Begleitung im Bau","robots":{"index":"index","follow":"follow","max-snippet":"max-snippet:-1","max-image-preview":"max-image-preview:large","max-video-preview":"max-video-preview:-1"},"canonical":"https:\/\/roosplan.de\/en\/landschaftsarchitektur\/","og_locale":"en_GB","og_type":"article","og_title":"Landschaftsarchitektur - roosplan","og_description":"Die Leistungen unseres Landschaftsarchitekturb\u00fcros umfasst alle Phasen der Landschaftsarchitektur: vom Entwurf bis zur Begleitung im Bau","og_url":"https:\/\/roosplan.de\/en\/landschaftsarchitektur\/","og_site_name":"roosplan","article_modified_time":"2025-07-30T12:03:54+00:00","og_image":[{"url":"https:\/\/roosplan.de\/wp-content\/uploads\/2023\/09\/Landschaftsarchitektur_schmal-farbe2-3-1024x261.jpg"}],"twitter_card":"summary_large_image","twitter_misc":{"Estimated reading time":"2 minutes"},"schema":{"@context":"https:\/\/schema.org","@graph":[{"@type":"WebPage","@id":"https:\/\/roosplan.de\/landschaftsarchitektur\/","url":"https:\/\/roosplan.de\/landschaftsarchitektur\/","name":"Landschaftsarchitektur - roosplan","isPartOf":{"@id":"https:\/\/roosplan.de\/#website"},"datePublished":"2020-06-11T07:14:44+00:00","dateModified":"2025-07-30T12:03:54+00:00","description":"Die Leistungen unseres Landschaftsarchitekturb\u00fcros umfasst alle Phasen der Landschaftsarchitektur: vom Entwurf bis zur Begleitung im Bau","breadcrumb":{"@id":"https:\/\/roosplan.de\/landschaftsarchitektur\/#breadcrumb"},"inLanguage":"en-GB","potentialAction":[{"@type":"ReadAction","target":["https:\/\/roosplan.de\/landschaftsarchitektur\/"]}]},{"@type":"BreadcrumbList","@id":"https:\/\/roosplan.de\/landschaftsarchitektur\/#breadcrumb","itemListElement":[{"@type":"ListItem","position":1,"name":"Startseite","item":"https:\/\/roosplan.de\/"},{"@type":"ListItem","position":2,"name":"Landschaftsarchitektur"}]},{"@type":"WebSite","@id":"https:\/\/roosplan.de\/#website","url":"https:\/\/roosplan.de\/","name":"roosplan","description":"Planungsb\u00fcro f\u00fcr Freiraum, Stadt und Landschaft","publisher":{"@id":"https:\/\/roosplan.de\/#organization"},"potentialAction":[{"@type":"SearchAction","target":{"@type":"EntryPoint","urlTemplate":"https:\/\/roosplan.de\/?s={search_term_string}"},"query-input":"required name=search_term_string"}],"inLanguage":"en-GB"},{"@type":"Organization","@id":"https:\/\/roosplan.de\/#organization","name":"roosplan","url":"https:\/\/roosplan.de\/","logo":{"@type":"ImageObject","inLanguage":"en-GB","@id":"https:\/\/roosplan.de\/#\/schema\/logo\/image\/","url":"https:\/\/roosplan.de\/wp-content\/uploads\/2022\/05\/cropped-roosplan-logo-web.jpg","contentUrl":"https:\/\/roosplan.de\/wp-content\/uploads\/2022\/05\/cropped-roosplan-logo-web.jpg","width":583,"height":138,"caption":"roosplan"},"image":{"@id":"https:\/\/roosplan.de\/#\/schema\/logo\/image\/"}}]}},"_links":{"self":[{"href":"https:\/\/roosplan.de\/en\/wp-json\/wp\/v2\/pages\/9"}],"collection":[{"href":"https:\/\/roosplan.de\/en\/wp-json\/wp\/v2\/pages"}],"about":[{"href":"https:\/\/roosplan.de\/en\/wp-json\/wp\/v2\/types\/page"}],"author":[{"embeddable":true,"href":"https:\/\/roosplan.de\/en\/wp-json\/wp\/v2\/users\/2"}],"replies":[{"embeddable":true,"href":"https:\/\/roosplan.de\/en\/wp-json\/wp\/v2\/comments?post=9"}],"version-history":[{"count":116,"href":"https:\/\/roosplan.de\/en\/wp-json\/wp\/v2\/pages\/9\/revisions"}],"predecessor-version":[{"id":3948,"href":"https:\/\/roosplan.de\/en\/wp-json\/wp\/v2\/pages\/9\/revisions\/3948"}],"wp:attachment":[{"href":"https:\/\/roosplan.de\/en\/wp-json\/wp\/v2\/media?parent=9"}],"wp:term":[{"taxonomy":"post_tag","embeddable":true,"href":"https:\/\/roosplan.de\/en\/wp-json\/wp\/v2\/tags?post=9"}],"curies":[{"name":"wp","href":"https:\/\/api.w.org\/{rel}","templated":true}]}}