{"id":3644,"date":"2025-05-26T12:02:28","date_gmt":"2025-05-26T10:02:28","guid":{"rendered":"https:\/\/roosplan.de\/?page_id=3644"},"modified":"2026-04-23T16:16:30","modified_gmt":"2026-04-23T14:16:30","slug":"naturerlebnis","status":"publish","type":"page","link":"https:\/\/roosplan.de\/en\/naturerlebnis\/","title":{"rendered":"Naturerlebnis"},"content":{"rendered":"<div class=\"wp-block-image\">\n<figure class=\"aligncenter size-full\"><img decoding=\"async\" loading=\"lazy\" width=\"1024\" height=\"261\" src=\"https:\/\/roosplan.de\/wp-content\/uploads\/2026\/03\/Testbild_Naturerlebnis_schmales-format6_bok.jpg\" alt=\"\" class=\"wp-image-4109\" srcset=\"https:\/\/roosplan.de\/wp-content\/uploads\/2026\/03\/Testbild_Naturerlebnis_schmales-format6_bok.jpg 1024w, https:\/\/roosplan.de\/wp-content\/uploads\/2026\/03\/Testbild_Naturerlebnis_schmales-format6_bok-300x76.jpg 300w, https:\/\/roosplan.de\/wp-content\/uploads\/2026\/03\/Testbild_Naturerlebnis_schmales-format6_bok-768x196.jpg 768w, https:\/\/roosplan.de\/wp-content\/uploads\/2026\/03\/Testbild_Naturerlebnis_schmales-format6_bok-18x5.jpg 18w\" sizes=\"(max-width: 1024px) 100vw, 1024px\" \/><\/figure><\/div>\n\n\n<p><\/p>\n\n\n\n<figure class=\"wp-block-image\"><img alt=\"\"\/><\/figure>\n\n\n\n<h2 class=\"wp-block-heading\">Naturerlebnis<\/h2>\n\n\n\n<p>Kommunen, Landkreise und Vorhabentr\u00e4ger gestalten Natur, Landschaft und Freir\u00e4ume heute unter vielf\u00e4ltigen Anforderungen. Dabei entstehen engagierte, fachlich fundierte Projekte zur Gew\u00e4sserentwicklung, zur Biotopvernetzung oder zur Pflege von Landschaftsr\u00e4umen. Diese leisten einen wichtigen Beitrag zu Natur, Umwelt und Lebensqualit\u00e4t.<\/p>\n\n\n\n<p>Gleichzeitig zeigt sich in der Praxis, dass solche Ma\u00dfnahmen ihre Wirkung nach au\u00dfen oft nur dann entfalten, wenn sie auch verst\u00e4ndlich kommuniziert werden. Fragen nach dem \u201eWarum\u201c, dem \u201eWie\u201c und dem konkreten Nutzen entstehen ganz selbstverst\u00e4ndlich \u2013 bei politischen Entscheidungstr\u00e4gern ebenso wie in der \u00d6ffentlichkeit. Wer fr\u00fchzeitig erkl\u00e4rt, sichtbar macht und einordnet, kann Verst\u00e4ndnis schaffen, Vertrauen st\u00e4rken und Konflikten vorbeugen. <\/p>\n\n\n\n<p>Mit dem Leistungsbaustein <strong>\u201eNaturerlebnis\u201c<\/strong> setzen wir genau hier an. Nicht jeder m\u00f6chte Gutachten oder Pl\u00e4ne lesen, um nachzuvollziehen, was in der Landschaft passiert \u2013 und das ist vollkommen verst\u00e4ndlich.<\/p>\n\n\n\n<p>Deshalb erg\u00e4nzt <strong>\u201eNaturerlebnis\u201c<\/strong> die fachliche Planung um gezielte Kommunikationsformate und Naturerlebnisse vor Ort. Inhalte werden dort vermittelt, wo Ma\u00dfnahmen wirken: im Gel\u00e4nde, im Projektgebiet, im direkten r\u00e4umlichen Zusammenhang. So werden Zusammenh\u00e4nge sichtbar, Wirkungen nachvollziehbar und Entscheidungen verst\u00e4ndlich.<\/p>\n\n\n\n<p>Der Ansatz ist offen angelegt und eignet sich sowohl zur begleitenden Vermittlung konkreter Projekte als auch zur allgemeinen Kommunikation von Natur-, Landschafts- und Freiraumthemen. Ziel ist es, Umweltwissen anschaulich zu vermitteln, positive Entwicklungen sichtbar zu machen und Vertrauen in planerische Prozesse zu st\u00e4rken \u2013 getreu dem Grundsatz: <strong>Man kann nur sch\u00fctzen, was man kennt.<\/strong><\/p>\n\n\n\n<p><\/p>\n\n\n\n<p><\/p>\n\n\n\n<p><\/p>\n\n\n\n<p><\/p>\n\n\n\n<p><\/p>\n\n\n\n<figure class=\"wp-block-image\"><img alt=\"\"\/><\/figure>\n\n\n\n<h3 class=\"wp-block-heading\">Module<\/h3>\n\n\n\n<div class=\"wp-block-group is-layout-flow\"><div class=\"wp-block-group__inner-container\">\n<div class=\"wp-block-group is-layout-flow\"><div class=\"wp-block-group__inner-container\">\n<div class=\"wp-block-columns is-layout-flex wp-container-2\">\n<div class=\"wp-block-column is-layout-flow\"><div class=\"wp-block-themeisle-blocks-posts-grid\" id=\"wp-block-themeisle-blocks-posts-grid-86d6b784\"><div class=\"is-grid o-posts-grid-columns-3\"><div class=\"o-posts-grid-post-blog o-posts-grid-post-plain\"><div class=\"o-posts-grid-post\"><div class=\"o-posts-grid-post-image\"><a href=\"https:\/\/roosplan.de\/en\/naturerlebnis\/naturerlebnis-ausflugstipps-und-veranstaltungen-naturparke-baden-wuerttemberg\/\"><img width=\"612\" height=\"408\" src=\"https:\/\/roosplan.de\/wp-content\/uploads\/2026\/03\/istockphoto-464973127-612x612-1.jpg\" class=\"attachment-large size-large\" alt=\"\" decoding=\"async\" loading=\"lazy\" srcset=\"https:\/\/roosplan.de\/wp-content\/uploads\/2026\/03\/istockphoto-464973127-612x612-1.jpg 612w, https:\/\/roosplan.de\/wp-content\/uploads\/2026\/03\/istockphoto-464973127-612x612-1-300x200.jpg 300w, https:\/\/roosplan.de\/wp-content\/uploads\/2026\/03\/istockphoto-464973127-612x612-1-18x12.jpg 18w\" sizes=\"(max-width: 612px) 100vw, 612px\" \/><\/a><\/div><div class=\"o-posts-grid-post-body\"><h6 class=\"o-posts-grid-post-title\"><a href=\"https:\/\/roosplan.de\/en\/naturerlebnis\/naturerlebnis-ausflugstipps-und-veranstaltungen-naturparke-baden-wuerttemberg\/\">Naturerlebnis \u2013\u00a0Ausflugstipps und Veranstaltungen &#8211; Naturparke Baden-W\u00fcrttemberg<\/a><\/h6><div class=\"o-posts-grid-post-description\"><\/div><\/div><\/div><\/div><div class=\"o-posts-grid-post-blog o-posts-grid-post-plain\"><div class=\"o-posts-grid-post\"><div class=\"o-posts-grid-post-image\"><a href=\"https:\/\/roosplan.de\/en\/naturerlebnis\/naturerlebnis-hochwasserrueckhaltebecken\/\"><img width=\"1024\" height=\"694\" src=\"https:\/\/roosplan.de\/wp-content\/uploads\/2026\/03\/HRB_01-1024x694.png\" class=\"attachment-large size-large\" alt=\"\" decoding=\"async\" loading=\"lazy\" srcset=\"https:\/\/roosplan.de\/wp-content\/uploads\/2026\/03\/HRB_01-1024x694.png 1024w, https:\/\/roosplan.de\/wp-content\/uploads\/2026\/03\/HRB_01-300x203.png 300w, https:\/\/roosplan.de\/wp-content\/uploads\/2026\/03\/HRB_01-768x520.png 768w, https:\/\/roosplan.de\/wp-content\/uploads\/2026\/03\/HRB_01-1536x1041.png 1536w, https:\/\/roosplan.de\/wp-content\/uploads\/2026\/03\/HRB_01-18x12.png 18w, https:\/\/roosplan.de\/wp-content\/uploads\/2026\/03\/HRB_01.png 1641w\" sizes=\"(max-width: 1024px) 100vw, 1024px\" \/><\/a><\/div><div class=\"o-posts-grid-post-body\"><h6 class=\"o-posts-grid-post-title\"><a href=\"https:\/\/roosplan.de\/en\/naturerlebnis\/naturerlebnis-hochwasserrueckhaltebecken\/\">Naturerlebnis \u2013\u00a0Hochwasserr\u00fcckhaltebecken<\/a><\/h6><div class=\"o-posts-grid-post-description\"><\/div><\/div><\/div><\/div><div class=\"o-posts-grid-post-blog o-posts-grid-post-plain\"><div class=\"o-posts-grid-post\"><div class=\"o-posts-grid-post-image\"><a href=\"https:\/\/roosplan.de\/en\/naturerlebnis\/naturerlebnis-nachtaktive-tiere\/\"><img width=\"1024\" height=\"640\" src=\"https:\/\/roosplan.de\/wp-content\/uploads\/2026\/03\/Nachtaktive_Tiere_01-1024x640.jpg\" class=\"attachment-large size-large\" alt=\"\" decoding=\"async\" loading=\"lazy\" srcset=\"https:\/\/roosplan.de\/wp-content\/uploads\/2026\/03\/Nachtaktive_Tiere_01-1024x640.jpg 1024w, https:\/\/roosplan.de\/wp-content\/uploads\/2026\/03\/Nachtaktive_Tiere_01-300x188.jpg 300w, https:\/\/roosplan.de\/wp-content\/uploads\/2026\/03\/Nachtaktive_Tiere_01-768x480.jpg 768w, https:\/\/roosplan.de\/wp-content\/uploads\/2026\/03\/Nachtaktive_Tiere_01-1536x960.jpg 1536w, https:\/\/roosplan.de\/wp-content\/uploads\/2026\/03\/Nachtaktive_Tiere_01-2048x1280.jpg 2048w, https:\/\/roosplan.de\/wp-content\/uploads\/2026\/03\/Nachtaktive_Tiere_01-18x12.jpg 18w\" sizes=\"(max-width: 1024px) 100vw, 1024px\" \/><\/a><\/div><div class=\"o-posts-grid-post-body\"><h6 class=\"o-posts-grid-post-title\"><a href=\"https:\/\/roosplan.de\/en\/naturerlebnis\/naturerlebnis-nachtaktive-tiere\/\">Naturerlebnis \u2013\u00a0Nachtaktive Tiere<\/a><\/h6><div class=\"o-posts-grid-post-description\"><\/div><\/div><\/div><\/div><div class=\"o-posts-grid-post-blog o-posts-grid-post-plain\"><div class=\"o-posts-grid-post\"><div class=\"o-posts-grid-post-image\"><a href=\"https:\/\/roosplan.de\/en\/naturerlebnis\/naturerlebnis-wiese\/\"><img width=\"1024\" height=\"681\" src=\"https:\/\/roosplan.de\/wp-content\/uploads\/2026\/03\/Insekten_01_\u00a9-Naturpark-SFW-1024x681.jpg\" class=\"attachment-large size-large\" alt=\"\" decoding=\"async\" loading=\"lazy\" srcset=\"https:\/\/roosplan.de\/wp-content\/uploads\/2026\/03\/Insekten_01_\u00a9-Naturpark-SFW-1024x681.jpg 1024w, https:\/\/roosplan.de\/wp-content\/uploads\/2026\/03\/Insekten_01_\u00a9-Naturpark-SFW-300x200.jpg 300w, https:\/\/roosplan.de\/wp-content\/uploads\/2026\/03\/Insekten_01_\u00a9-Naturpark-SFW-768x511.jpg 768w, https:\/\/roosplan.de\/wp-content\/uploads\/2026\/03\/Insekten_01_\u00a9-Naturpark-SFW-1536x1022.jpg 1536w, https:\/\/roosplan.de\/wp-content\/uploads\/2026\/03\/Insekten_01_\u00a9-Naturpark-SFW-2048x1363.jpg 2048w, https:\/\/roosplan.de\/wp-content\/uploads\/2026\/03\/Insekten_01_\u00a9-Naturpark-SFW-18x12.jpg 18w\" sizes=\"(max-width: 1024px) 100vw, 1024px\" \/><\/a><\/div><div class=\"o-posts-grid-post-body\"><h6 class=\"o-posts-grid-post-title\"><a href=\"https:\/\/roosplan.de\/en\/naturerlebnis\/naturerlebnis-wiese\/\">Naturerlebnis \u2013\u00a0Wiese<\/a><\/h6><div class=\"o-posts-grid-post-description\"><\/div><\/div><\/div><\/div><div class=\"o-posts-grid-post-blog o-posts-grid-post-plain\"><div class=\"o-posts-grid-post\"><div class=\"o-posts-grid-post-image\"><a href=\"https:\/\/roosplan.de\/en\/naturerlebnis\/naturerlebnis-bach\/\"><img width=\"1024\" height=\"681\" src=\"https:\/\/roosplan.de\/wp-content\/uploads\/2026\/03\/Bach_02_\u00a9-Naturpark-SFW-1024x681.jpg\" class=\"attachment-large size-large\" alt=\"\" decoding=\"async\" loading=\"lazy\" srcset=\"https:\/\/roosplan.de\/wp-content\/uploads\/2026\/03\/Bach_02_\u00a9-Naturpark-SFW-1024x681.jpg 1024w, https:\/\/roosplan.de\/wp-content\/uploads\/2026\/03\/Bach_02_\u00a9-Naturpark-SFW-300x200.jpg 300w, https:\/\/roosplan.de\/wp-content\/uploads\/2026\/03\/Bach_02_\u00a9-Naturpark-SFW-768x511.jpg 768w, https:\/\/roosplan.de\/wp-content\/uploads\/2026\/03\/Bach_02_\u00a9-Naturpark-SFW-1536x1022.jpg 1536w, https:\/\/roosplan.de\/wp-content\/uploads\/2026\/03\/Bach_02_\u00a9-Naturpark-SFW-2048x1363.jpg 2048w, https:\/\/roosplan.de\/wp-content\/uploads\/2026\/03\/Bach_02_\u00a9-Naturpark-SFW-18x12.jpg 18w\" sizes=\"(max-width: 1024px) 100vw, 1024px\" \/><\/a><\/div><div class=\"o-posts-grid-post-body\"><h6 class=\"o-posts-grid-post-title\"><a href=\"https:\/\/roosplan.de\/en\/naturerlebnis\/naturerlebnis-bach\/\">Naturerlebnis \u2013\u00a0Bach<\/a><\/h6><div class=\"o-posts-grid-post-description\"><\/div><\/div><\/div><\/div><\/div> <\/div><\/div>\n<\/div>\n<\/div><\/div>\n<\/div><\/div>\n\n\n\n<h2 class=\"wp-block-heading\">Formate und Zielgruppen<\/h2>\n\n\n\n<p><\/p>\n\n\n\n<p><\/p>\n\n\n\n<p>Das Angebot \u201eNatur erleben &amp; verstehen\u201c ist flexibel aufgebaut und kann je nach Projekt, Ort und Zielgruppe unterschiedlich gestaltet werden. Die Formate reichen von interaktiven Gruppenangeboten \u00fcber fachliche Exkursionen bis hin zu station\u00e4ren Informationsformaten.<\/p>\n\n\n\n<p><br>M\u00f6gliche Formate sind zum Beispiel:<\/p>\n\n\n\n<div class=\"wp-block-columns is-layout-flex wp-container-6\">\n<div class=\"wp-block-column is-layout-flow\">\n<ul>\n<li>Gef\u00fchrte Rundg\u00e4nge und thematische Exkursionen<\/li>\n\n\n\n<li>Workshops und Umweltp\u00e4dagogische Angebote, etwa mit Schulklassen oder Jugendgruppen<\/li>\n\n\n\n<li>Fachformate wie Baustellenrundg\u00e4nge, Schulungen oder Workshops f\u00fcr Verwaltung und Bauhof<\/li>\n\n\n\n<li>Informationsangebote bei Projektumsetzungen, z. B. Infost\u00e4nde oder Thementische<\/li>\n\n\n\n<li>Dauerhafte oder tempor\u00e4re Vermittlungselemente wie Schautafeln oder Informationselemente im Freiraum<\/li>\n\n\n\n<li>Fachvortr\u00e4ge zum Thema Biodiversit\u00e4t, Artenschutz, Landschaftsplanung<\/li>\n<\/ul>\n\n\n\n<p><\/p>\n\n\n\n<p>Die Angebote richten sich an unterschiedliche Zielgruppen \u2013 von Kindern und Jugendlichen \u00fcber B\u00fcrger und Vereine bis hin zu Gemeinder\u00e4ten, Verwaltungsmitarbeitern oder Fachakteuren.<\/p>\n<\/div>\n<\/div>","protected":false},"excerpt":{"rendered":"<p>Naturerlebnis Kommunen, Landkreise und Vorhabentr\u00e4ger gestalten Natur, Landschaft und Freir\u00e4ume heute unter vielf\u00e4ltigen Anforderungen. Dabei entstehen engagierte, fachlich fundierte Projekte zur Gew\u00e4sserentwicklung, zur Biotopvernetzung oder zur Pflege von Landschaftsr\u00e4umen. Diese leisten einen wichtigen Beitrag zu Natur, Umwelt und Lebensqualit\u00e4t. Gleichzeitig zeigt sich in der Praxis, dass solche Ma\u00dfnahmen ihre Wirkung nach au\u00dfen oft nur dann&hellip;&nbsp;<a href=\"https:\/\/roosplan.de\/en\/naturerlebnis\/\" class=\"\" rel=\"bookmark\">Read More &raquo;<span class=\"screen-reader-text\">Naturerlebnis<\/span><\/a><\/p>","protected":false},"author":12,"featured_media":0,"parent":0,"menu_order":0,"comment_status":"closed","ping_status":"closed","template":"","meta":{"neve_meta_sidebar":"","neve_meta_container":"","neve_meta_enable_content_width":"","neve_meta_content_width":0,"neve_meta_title_alignment":"","neve_meta_author_avatar":"","neve_post_elements_order":"","neve_meta_disable_header":"","neve_meta_disable_footer":"","neve_meta_disable_title":"on","neve_meta_reading_time":"","_themeisle_gutenberg_block_has_review":false,"_links_to":"","_links_to_target":""},"tags":[54],"yoast_head":"<!-- This site is optimized with the Yoast SEO plugin v21.8.1 - https:\/\/yoast.com\/wordpress\/plugins\/seo\/ -->\n<title>Naturerlebnis - roosplan<\/title>\n<meta name=\"description\" content=\"Unser Planungsb\u00fcro f\u00fcr Landschaftsplanung setzt auf eine nachhaltige Landschaftsentwicklung. Das sind unsere Leistungen und Referenzen.\" \/>\n<meta name=\"robots\" content=\"index, follow, max-snippet:-1, max-image-preview:large, max-video-preview:-1\" \/>\n<link rel=\"canonical\" href=\"https:\/\/roosplan.de\/en\/naturerlebnis\/\" \/>\n<meta property=\"og:locale\" content=\"en_GB\" \/>\n<meta property=\"og:type\" content=\"article\" \/>\n<meta property=\"og:title\" content=\"Naturerlebnis - roosplan\" \/>\n<meta property=\"og:description\" content=\"Unser Planungsb\u00fcro f\u00fcr Landschaftsplanung setzt auf eine nachhaltige Landschaftsentwicklung. Das sind unsere Leistungen und Referenzen.\" \/>\n<meta property=\"og:url\" content=\"https:\/\/roosplan.de\/en\/naturerlebnis\/\" \/>\n<meta property=\"og:site_name\" content=\"roosplan\" \/>\n<meta property=\"article:modified_time\" content=\"2026-04-23T14:16:30+00:00\" \/>\n<meta property=\"og:image\" content=\"https:\/\/roosplan.de\/wp-content\/uploads\/2026\/03\/Testbild_Naturerlebnis_schmales-format6_bok.jpg\" \/>\n<meta name=\"twitter:card\" content=\"summary_large_image\" \/>\n<meta name=\"twitter:label1\" content=\"Estimated reading time\" \/>\n\t<meta name=\"twitter:data1\" content=\"3 minutes\" \/>\n<script type=\"application\/ld+json\" class=\"yoast-schema-graph\">{\"@context\":\"https:\/\/schema.org\",\"@graph\":[{\"@type\":\"WebPage\",\"@id\":\"https:\/\/roosplan.de\/naturerlebnis\/\",\"url\":\"https:\/\/roosplan.de\/naturerlebnis\/\",\"name\":\"Naturerlebnis - roosplan\",\"isPartOf\":{\"@id\":\"https:\/\/roosplan.de\/#website\"},\"datePublished\":\"2025-05-26T10:02:28+00:00\",\"dateModified\":\"2026-04-23T14:16:30+00:00\",\"description\":\"Unser Planungsb\u00fcro f\u00fcr Landschaftsplanung setzt auf eine nachhaltige Landschaftsentwicklung. Das sind unsere Leistungen und Referenzen.\",\"breadcrumb\":{\"@id\":\"https:\/\/roosplan.de\/naturerlebnis\/#breadcrumb\"},\"inLanguage\":\"en-GB\",\"potentialAction\":[{\"@type\":\"ReadAction\",\"target\":[\"https:\/\/roosplan.de\/naturerlebnis\/\"]}]},{\"@type\":\"BreadcrumbList\",\"@id\":\"https:\/\/roosplan.de\/naturerlebnis\/#breadcrumb\",\"itemListElement\":[{\"@type\":\"ListItem\",\"position\":1,\"name\":\"Startseite\",\"item\":\"https:\/\/roosplan.de\/\"},{\"@type\":\"ListItem\",\"position\":2,\"name\":\"Naturerlebnis\"}]},{\"@type\":\"WebSite\",\"@id\":\"https:\/\/roosplan.de\/#website\",\"url\":\"https:\/\/roosplan.de\/\",\"name\":\"roosplan\",\"description\":\"Planungsb\u00fcro f\u00fcr Freiraum, Stadt und Landschaft\",\"publisher\":{\"@id\":\"https:\/\/roosplan.de\/#organization\"},\"potentialAction\":[{\"@type\":\"SearchAction\",\"target\":{\"@type\":\"EntryPoint\",\"urlTemplate\":\"https:\/\/roosplan.de\/?s={search_term_string}\"},\"query-input\":\"required name=search_term_string\"}],\"inLanguage\":\"en-GB\"},{\"@type\":\"Organization\",\"@id\":\"https:\/\/roosplan.de\/#organization\",\"name\":\"roosplan\",\"url\":\"https:\/\/roosplan.de\/\",\"logo\":{\"@type\":\"ImageObject\",\"inLanguage\":\"en-GB\",\"@id\":\"https:\/\/roosplan.de\/#\/schema\/logo\/image\/\",\"url\":\"https:\/\/roosplan.de\/wp-content\/uploads\/2022\/05\/cropped-roosplan-logo-web.jpg\",\"contentUrl\":\"https:\/\/roosplan.de\/wp-content\/uploads\/2022\/05\/cropped-roosplan-logo-web.jpg\",\"width\":583,\"height\":138,\"caption\":\"roosplan\"},\"image\":{\"@id\":\"https:\/\/roosplan.de\/#\/schema\/logo\/image\/\"}}]}<\/script>\n<!-- \/ Yoast SEO plugin. -->","yoast_head_json":{"title":"Naturerlebnis - roosplan","description":"Unser Planungsb\u00fcro f\u00fcr Landschaftsplanung setzt auf eine nachhaltige Landschaftsentwicklung. Das sind unsere Leistungen und Referenzen.","robots":{"index":"index","follow":"follow","max-snippet":"max-snippet:-1","max-image-preview":"max-image-preview:large","max-video-preview":"max-video-preview:-1"},"canonical":"https:\/\/roosplan.de\/en\/naturerlebnis\/","og_locale":"en_GB","og_type":"article","og_title":"Naturerlebnis - roosplan","og_description":"Unser Planungsb\u00fcro f\u00fcr Landschaftsplanung setzt auf eine nachhaltige Landschaftsentwicklung. Das sind unsere Leistungen und Referenzen.","og_url":"https:\/\/roosplan.de\/en\/naturerlebnis\/","og_site_name":"roosplan","article_modified_time":"2026-04-23T14:16:30+00:00","og_image":[{"url":"https:\/\/roosplan.de\/wp-content\/uploads\/2026\/03\/Testbild_Naturerlebnis_schmales-format6_bok.jpg"}],"twitter_card":"summary_large_image","twitter_misc":{"Estimated reading time":"3 minutes"},"schema":{"@context":"https:\/\/schema.org","@graph":[{"@type":"WebPage","@id":"https:\/\/roosplan.de\/naturerlebnis\/","url":"https:\/\/roosplan.de\/naturerlebnis\/","name":"Naturerlebnis - roosplan","isPartOf":{"@id":"https:\/\/roosplan.de\/#website"},"datePublished":"2025-05-26T10:02:28+00:00","dateModified":"2026-04-23T14:16:30+00:00","description":"Unser Planungsb\u00fcro f\u00fcr Landschaftsplanung setzt auf eine nachhaltige Landschaftsentwicklung. Das sind unsere Leistungen und Referenzen.","breadcrumb":{"@id":"https:\/\/roosplan.de\/naturerlebnis\/#breadcrumb"},"inLanguage":"en-GB","potentialAction":[{"@type":"ReadAction","target":["https:\/\/roosplan.de\/naturerlebnis\/"]}]},{"@type":"BreadcrumbList","@id":"https:\/\/roosplan.de\/naturerlebnis\/#breadcrumb","itemListElement":[{"@type":"ListItem","position":1,"name":"Startseite","item":"https:\/\/roosplan.de\/"},{"@type":"ListItem","position":2,"name":"Naturerlebnis"}]},{"@type":"WebSite","@id":"https:\/\/roosplan.de\/#website","url":"https:\/\/roosplan.de\/","name":"roosplan","description":"Planungsb\u00fcro f\u00fcr Freiraum, Stadt und Landschaft","publisher":{"@id":"https:\/\/roosplan.de\/#organization"},"potentialAction":[{"@type":"SearchAction","target":{"@type":"EntryPoint","urlTemplate":"https:\/\/roosplan.de\/?s={search_term_string}"},"query-input":"required name=search_term_string"}],"inLanguage":"en-GB"},{"@type":"Organization","@id":"https:\/\/roosplan.de\/#organization","name":"roosplan","url":"https:\/\/roosplan.de\/","logo":{"@type":"ImageObject","inLanguage":"en-GB","@id":"https:\/\/roosplan.de\/#\/schema\/logo\/image\/","url":"https:\/\/roosplan.de\/wp-content\/uploads\/2022\/05\/cropped-roosplan-logo-web.jpg","contentUrl":"https:\/\/roosplan.de\/wp-content\/uploads\/2022\/05\/cropped-roosplan-logo-web.jpg","width":583,"height":138,"caption":"roosplan"},"image":{"@id":"https:\/\/roosplan.de\/#\/schema\/logo\/image\/"}}]}},"_links":{"self":[{"href":"https:\/\/roosplan.de\/en\/wp-json\/wp\/v2\/pages\/3644"}],"collection":[{"href":"https:\/\/roosplan.de\/en\/wp-json\/wp\/v2\/pages"}],"about":[{"href":"https:\/\/roosplan.de\/en\/wp-json\/wp\/v2\/types\/page"}],"author":[{"embeddable":true,"href":"https:\/\/roosplan.de\/en\/wp-json\/wp\/v2\/users\/12"}],"replies":[{"embeddable":true,"href":"https:\/\/roosplan.de\/en\/wp-json\/wp\/v2\/comments?post=3644"}],"version-history":[{"count":27,"href":"https:\/\/roosplan.de\/en\/wp-json\/wp\/v2\/pages\/3644\/revisions"}],"predecessor-version":[{"id":4111,"href":"https:\/\/roosplan.de\/en\/wp-json\/wp\/v2\/pages\/3644\/revisions\/4111"}],"wp:attachment":[{"href":"https:\/\/roosplan.de\/en\/wp-json\/wp\/v2\/media?parent=3644"}],"wp:term":[{"taxonomy":"post_tag","embeddable":true,"href":"https:\/\/roosplan.de\/en\/wp-json\/wp\/v2\/tags?post=3644"}],"curies":[{"name":"wp","href":"https:\/\/api.w.org\/{rel}","templated":true}]}}