{"id":20,"date":"2020-06-11T13:25:17","date_gmt":"2020-06-11T11:25:17","guid":{"rendered":"https:\/\/roosplan.com\/?page_id=20"},"modified":"2026-02-16T10:47:19","modified_gmt":"2026-02-16T09:47:19","slug":"kontakt","status":"publish","type":"page","link":"https:\/\/roosplan.de\/en\/kontakt\/","title":{"rendered":"Kontakt"},"content":{"rendered":"<figure class=\"wp-block-image size-large\"><img decoding=\"async\" loading=\"lazy\" width=\"1024\" height=\"261\" src=\"https:\/\/roosplan.de\/wp-content\/uploads\/2023\/09\/Anfahrt-schmal-farbe3-1024x261.jpg\" alt=\"\" class=\"wp-image-2408\" srcset=\"https:\/\/roosplan.de\/wp-content\/uploads\/2023\/09\/Anfahrt-schmal-farbe3-1024x261.jpg 1024w, https:\/\/roosplan.de\/wp-content\/uploads\/2023\/09\/Anfahrt-schmal-farbe3-300x77.jpg 300w, https:\/\/roosplan.de\/wp-content\/uploads\/2023\/09\/Anfahrt-schmal-farbe3-768x196.jpg 768w, https:\/\/roosplan.de\/wp-content\/uploads\/2023\/09\/Anfahrt-schmal-farbe3-18x5.jpg 18w, https:\/\/roosplan.de\/wp-content\/uploads\/2023\/09\/Anfahrt-schmal-farbe3.jpg 1200w\" sizes=\"(max-width: 1024px) 100vw, 1024px\" \/><\/figure>\n\n\n\n<p><\/p>\n\n\n\n<figure class=\"wp-block-image\"><img alt=\"\"\/><\/figure>\n\n\n\n<h2 class=\"wp-block-heading\">Kontakt &amp; Anfahrt<\/h2>\n\n\n\n<p><strong>roosplan<\/strong><br><br>Adenauerplatz 4<br>71522 Backnang<br>Tel.: 07191 73529-0<br>E-mail:&nbsp;<a href=\"mailto:info@roosplan.de?subject=Anfrage&amp;body=.\">info@roosplan.de<\/a><\/p>\n\n\n\n<p><\/p>\n\n\n\n<figure class=\"wp-block-image\"><img alt=\"\"\/><\/figure>\n\n\n\n<h1 class=\"wp-block-heading\"><\/h1>\n\n\n\n<div id=\"widgetcontainer_STRATP_cm4all_com_widgets_StaticMapServices_23204136\" class=\"cm_widget_block cm_widget cm4all_com_widgets_StaticMapServices cm_widget_block_center cm-pixel-large\">\n<div id=\"staticmap1974080875\">\n<p><strong>Anfahrt mit der Bahn<\/strong><\/p>\n<\/div>\n<ul>\n<li><span style=\"font-size: 1.0625rem;\">Von Stuttgart aus mit der S3 Richtung Backnang, mit der S4 \u00fcber Ludwigsburg nach Backnang oder m<\/span>it dem RE90 \/ MEX19 oder 90 Richtung Gaildorf West<\/li>\n<li>Ausstieg: Haltestelle Backnang<\/li>\n<li>Fu\u00dfweg: zirka 700 Meter \u00fcber die Obere Bahnhofstra\u00dfe<\/li>\n<li>Gehzeit: zirka 8 Minuten<\/li>\n<\/ul>\n<p><span style=\"color: #ffffff;\">.<\/span><\/p>\n<\/div>\n\n\n\n<p><strong>Anfahrt mit dem PKW<\/strong><\/p>\n\n\n\n<ul>\n<li><span style=\"font-size: 1.0625rem;\">Von der A81 kommend: Ausfahrt Mundelsheim auf die L 1115 Richtung Gro\u00dfbottwar \u00fcber Aspach nach Backnang<\/span><\/li>\n\n\n\n<li>Parkm\u00f6glichkeiten finden Sie in unmittelbarer N\u00e4he zum B\u00fcro im Parkhaus Adenauerplatz<\/li>\n\n\n\n<li>Fu\u00dfweg zum B\u00fcro: zirka 2 Minuten<\/li>\n<\/ul>\n\n\n\n<p><iframe loading=\"lazy\" src=\"https:\/\/maps.google.com\/maps?width=800&amp;height=414&amp;hl=en&amp;q=Adenauerplatz%204%20Backnang+(roosplan)&amp;t=&amp;z=13&amp;ie=UTF8&amp;iwloc=B&amp;output=embed\" marginwidth=\"0\" marginheight=\"0\" scrolling=\"no\" width=\"800\" height=\"414\" frameborder=\"0\"><\/iframe><\/p>","protected":false},"excerpt":{"rendered":"<p>Kontakt &amp; Anfahrt roosplan Adenauerplatz 471522 BacknangTel.: 07191 73529-0E-mail:&nbsp;info@roosplan.de Anfahrt mit der Bahn Von Stuttgart aus mit der S3 Richtung Backnang, mit der S4 \u00fcber Ludwigsburg nach Backnang oder mit dem RE90 \/ MEX19 oder 90 Richtung Gaildorf West Ausstieg: Haltestelle Backnang Fu\u00dfweg: zirka 700 Meter \u00fcber die Obere Bahnhofstra\u00dfe Gehzeit: zirka 8 Minuten .&hellip;&nbsp;<a href=\"https:\/\/roosplan.de\/en\/kontakt\/\" class=\"\" rel=\"bookmark\">Read More &raquo;<span class=\"screen-reader-text\">Kontakt<\/span><\/a><\/p>","protected":false},"author":2,"featured_media":0,"parent":0,"menu_order":0,"comment_status":"closed","ping_status":"closed","template":"","meta":{"neve_meta_sidebar":"","neve_meta_container":"","neve_meta_enable_content_width":"off","neve_meta_content_width":0,"neve_meta_title_alignment":"","neve_meta_author_avatar":"","neve_post_elements_order":"","neve_meta_disable_header":"","neve_meta_disable_footer":"","neve_meta_disable_title":"on","neve_meta_reading_time":"","_themeisle_gutenberg_block_has_review":false,"_links_to":"","_links_to_target":""},"tags":[16],"yoast_head":"<!-- This site is optimized with the Yoast SEO plugin v21.8.1 - https:\/\/yoast.com\/wordpress\/plugins\/seo\/ -->\n<title>Kontakt - roosplan<\/title>\n<meta name=\"description\" content=\"Unsere Kontaktdaten inkl. Adresse, E-Mail, Telefon- und FAX-Nummer. Zudem geben wir Ihnen Tipps zur Anfahrt mit Bahn und Auto.\" \/>\n<meta name=\"robots\" content=\"index, follow, max-snippet:-1, max-image-preview:large, max-video-preview:-1\" \/>\n<link rel=\"canonical\" href=\"https:\/\/roosplan.de\/en\/kontakt\/\" \/>\n<meta property=\"og:locale\" content=\"en_GB\" \/>\n<meta property=\"og:type\" content=\"article\" \/>\n<meta property=\"og:title\" content=\"Kontakt - roosplan\" \/>\n<meta property=\"og:description\" content=\"Unsere Kontaktdaten inkl. Adresse, E-Mail, Telefon- und FAX-Nummer. Zudem geben wir Ihnen Tipps zur Anfahrt mit Bahn und Auto.\" \/>\n<meta property=\"og:url\" content=\"https:\/\/roosplan.de\/en\/kontakt\/\" \/>\n<meta property=\"og:site_name\" content=\"roosplan\" \/>\n<meta property=\"article:modified_time\" content=\"2026-02-16T09:47:19+00:00\" \/>\n<meta property=\"og:image\" content=\"https:\/\/roosplan.de\/wp-content\/uploads\/2023\/09\/Anfahrt-schmal-farbe3-1024x261.jpg\" \/>\n<meta name=\"twitter:card\" content=\"summary_large_image\" \/>\n<meta name=\"twitter:label1\" content=\"Estimated reading time\" \/>\n\t<meta name=\"twitter:data1\" content=\"2 minutes\" \/>\n<script type=\"application\/ld+json\" class=\"yoast-schema-graph\">{\"@context\":\"https:\/\/schema.org\",\"@graph\":[{\"@type\":\"WebPage\",\"@id\":\"https:\/\/roosplan.de\/kontakt\/\",\"url\":\"https:\/\/roosplan.de\/kontakt\/\",\"name\":\"Kontakt - roosplan\",\"isPartOf\":{\"@id\":\"https:\/\/roosplan.de\/#website\"},\"datePublished\":\"2020-06-11T11:25:17+00:00\",\"dateModified\":\"2026-02-16T09:47:19+00:00\",\"description\":\"Unsere Kontaktdaten inkl. Adresse, E-Mail, Telefon- und FAX-Nummer. Zudem geben wir Ihnen Tipps zur Anfahrt mit Bahn und Auto.\",\"breadcrumb\":{\"@id\":\"https:\/\/roosplan.de\/kontakt\/#breadcrumb\"},\"inLanguage\":\"en-GB\",\"potentialAction\":[{\"@type\":\"ReadAction\",\"target\":[\"https:\/\/roosplan.de\/kontakt\/\"]}]},{\"@type\":\"BreadcrumbList\",\"@id\":\"https:\/\/roosplan.de\/kontakt\/#breadcrumb\",\"itemListElement\":[{\"@type\":\"ListItem\",\"position\":1,\"name\":\"Startseite\",\"item\":\"https:\/\/roosplan.de\/\"},{\"@type\":\"ListItem\",\"position\":2,\"name\":\"Kontakt\"}]},{\"@type\":\"WebSite\",\"@id\":\"https:\/\/roosplan.de\/#website\",\"url\":\"https:\/\/roosplan.de\/\",\"name\":\"roosplan\",\"description\":\"Planungsb\u00fcro f\u00fcr Freiraum, Stadt und Landschaft\",\"publisher\":{\"@id\":\"https:\/\/roosplan.de\/#organization\"},\"potentialAction\":[{\"@type\":\"SearchAction\",\"target\":{\"@type\":\"EntryPoint\",\"urlTemplate\":\"https:\/\/roosplan.de\/?s={search_term_string}\"},\"query-input\":\"required name=search_term_string\"}],\"inLanguage\":\"en-GB\"},{\"@type\":\"Organization\",\"@id\":\"https:\/\/roosplan.de\/#organization\",\"name\":\"roosplan\",\"url\":\"https:\/\/roosplan.de\/\",\"logo\":{\"@type\":\"ImageObject\",\"inLanguage\":\"en-GB\",\"@id\":\"https:\/\/roosplan.de\/#\/schema\/logo\/image\/\",\"url\":\"https:\/\/roosplan.de\/wp-content\/uploads\/2022\/05\/cropped-roosplan-logo-web.jpg\",\"contentUrl\":\"https:\/\/roosplan.de\/wp-content\/uploads\/2022\/05\/cropped-roosplan-logo-web.jpg\",\"width\":583,\"height\":138,\"caption\":\"roosplan\"},\"image\":{\"@id\":\"https:\/\/roosplan.de\/#\/schema\/logo\/image\/\"}}]}<\/script>\n<!-- \/ Yoast SEO plugin. -->","yoast_head_json":{"title":"Kontakt - roosplan","description":"Unsere Kontaktdaten inkl. Adresse, E-Mail, Telefon- und FAX-Nummer. Zudem geben wir Ihnen Tipps zur Anfahrt mit Bahn und Auto.","robots":{"index":"index","follow":"follow","max-snippet":"max-snippet:-1","max-image-preview":"max-image-preview:large","max-video-preview":"max-video-preview:-1"},"canonical":"https:\/\/roosplan.de\/en\/kontakt\/","og_locale":"en_GB","og_type":"article","og_title":"Kontakt - roosplan","og_description":"Unsere Kontaktdaten inkl. Adresse, E-Mail, Telefon- und FAX-Nummer. Zudem geben wir Ihnen Tipps zur Anfahrt mit Bahn und Auto.","og_url":"https:\/\/roosplan.de\/en\/kontakt\/","og_site_name":"roosplan","article_modified_time":"2026-02-16T09:47:19+00:00","og_image":[{"url":"https:\/\/roosplan.de\/wp-content\/uploads\/2023\/09\/Anfahrt-schmal-farbe3-1024x261.jpg"}],"twitter_card":"summary_large_image","twitter_misc":{"Estimated reading time":"2 minutes"},"schema":{"@context":"https:\/\/schema.org","@graph":[{"@type":"WebPage","@id":"https:\/\/roosplan.de\/kontakt\/","url":"https:\/\/roosplan.de\/kontakt\/","name":"Kontakt - roosplan","isPartOf":{"@id":"https:\/\/roosplan.de\/#website"},"datePublished":"2020-06-11T11:25:17+00:00","dateModified":"2026-02-16T09:47:19+00:00","description":"Unsere Kontaktdaten inkl. Adresse, E-Mail, Telefon- und FAX-Nummer. Zudem geben wir Ihnen Tipps zur Anfahrt mit Bahn und Auto.","breadcrumb":{"@id":"https:\/\/roosplan.de\/kontakt\/#breadcrumb"},"inLanguage":"en-GB","potentialAction":[{"@type":"ReadAction","target":["https:\/\/roosplan.de\/kontakt\/"]}]},{"@type":"BreadcrumbList","@id":"https:\/\/roosplan.de\/kontakt\/#breadcrumb","itemListElement":[{"@type":"ListItem","position":1,"name":"Startseite","item":"https:\/\/roosplan.de\/"},{"@type":"ListItem","position":2,"name":"Kontakt"}]},{"@type":"WebSite","@id":"https:\/\/roosplan.de\/#website","url":"https:\/\/roosplan.de\/","name":"roosplan","description":"Planungsb\u00fcro f\u00fcr Freiraum, Stadt und Landschaft","publisher":{"@id":"https:\/\/roosplan.de\/#organization"},"potentialAction":[{"@type":"SearchAction","target":{"@type":"EntryPoint","urlTemplate":"https:\/\/roosplan.de\/?s={search_term_string}"},"query-input":"required name=search_term_string"}],"inLanguage":"en-GB"},{"@type":"Organization","@id":"https:\/\/roosplan.de\/#organization","name":"roosplan","url":"https:\/\/roosplan.de\/","logo":{"@type":"ImageObject","inLanguage":"en-GB","@id":"https:\/\/roosplan.de\/#\/schema\/logo\/image\/","url":"https:\/\/roosplan.de\/wp-content\/uploads\/2022\/05\/cropped-roosplan-logo-web.jpg","contentUrl":"https:\/\/roosplan.de\/wp-content\/uploads\/2022\/05\/cropped-roosplan-logo-web.jpg","width":583,"height":138,"caption":"roosplan"},"image":{"@id":"https:\/\/roosplan.de\/#\/schema\/logo\/image\/"}}]}},"_links":{"self":[{"href":"https:\/\/roosplan.de\/en\/wp-json\/wp\/v2\/pages\/20"}],"collection":[{"href":"https:\/\/roosplan.de\/en\/wp-json\/wp\/v2\/pages"}],"about":[{"href":"https:\/\/roosplan.de\/en\/wp-json\/wp\/v2\/types\/page"}],"author":[{"embeddable":true,"href":"https:\/\/roosplan.de\/en\/wp-json\/wp\/v2\/users\/2"}],"replies":[{"embeddable":true,"href":"https:\/\/roosplan.de\/en\/wp-json\/wp\/v2\/comments?post=20"}],"version-history":[{"count":39,"href":"https:\/\/roosplan.de\/en\/wp-json\/wp\/v2\/pages\/20\/revisions"}],"predecessor-version":[{"id":4050,"href":"https:\/\/roosplan.de\/en\/wp-json\/wp\/v2\/pages\/20\/revisions\/4050"}],"wp:attachment":[{"href":"https:\/\/roosplan.de\/en\/wp-json\/wp\/v2\/media?parent=20"}],"wp:term":[{"taxonomy":"post_tag","embeddable":true,"href":"https:\/\/roosplan.de\/en\/wp-json\/wp\/v2\/tags?post=20"}],"curies":[{"name":"wp","href":"https:\/\/api.w.org\/{rel}","templated":true}]}}