{"id":174,"date":"2020-06-14T19:49:31","date_gmt":"2020-06-14T17:49:31","guid":{"rendered":"https:\/\/roosplan.com\/?page_id=174"},"modified":"2025-07-30T14:19:16","modified_gmt":"2025-07-30T12:19:16","slug":"stadtplanung","status":"publish","type":"page","link":"https:\/\/roosplan.de\/en\/stadtplanung\/","title":{"rendered":"Stadtplanung"},"content":{"rendered":"<div class=\"wp-block-image\">\n<figure class=\"aligncenter size-large\"><img decoding=\"async\" loading=\"lazy\" width=\"1024\" height=\"261\" src=\"https:\/\/roosplan.de\/wp-content\/uploads\/2023\/09\/Stadtplanung_schmal-farbe-ohne-Windrad-1024x261.jpg\" alt=\"\" class=\"wp-image-2379\" srcset=\"https:\/\/roosplan.de\/wp-content\/uploads\/2023\/09\/Stadtplanung_schmal-farbe-ohne-Windrad-1024x261.jpg 1024w, https:\/\/roosplan.de\/wp-content\/uploads\/2023\/09\/Stadtplanung_schmal-farbe-ohne-Windrad-300x77.jpg 300w, https:\/\/roosplan.de\/wp-content\/uploads\/2023\/09\/Stadtplanung_schmal-farbe-ohne-Windrad-768x196.jpg 768w, https:\/\/roosplan.de\/wp-content\/uploads\/2023\/09\/Stadtplanung_schmal-farbe-ohne-Windrad-18x5.jpg 18w, https:\/\/roosplan.de\/wp-content\/uploads\/2023\/09\/Stadtplanung_schmal-farbe-ohne-Windrad.jpg 1200w\" sizes=\"(max-width: 1024px) 100vw, 1024px\" \/><\/figure><\/div>\n\n\n<p><\/p>\n\n\n\n<figure class=\"wp-block-image\"><img alt=\"\"\/><\/figure>\n\n\n\n<h2 class=\"wp-block-heading\">Stadt- und Regionalplanung<\/h2>\n\n\n\n<p><\/p>\n\n\n\n<p>F\u00fcr St\u00e4dte und Gemeinden ist die bauliche Entwicklung, die Aufwertung inner\u00f6rtlichen Lagen, das Bereitstellen gewerblichen Fl\u00e4chen und Wohnbaufl\u00e4chen ein grundlegendes Handlungsfeld ihrer Politik. Es gilt in einem vielf\u00e4ltigen Spannungsfeld einzelner Interessen, angemessene r\u00e4umliche L\u00f6sungen f\u00fcr das Wohnen und Arbeiten, sowie die damit verbundenen Verkehrswege zu finden.<\/p>\n\n\n\n<p>Mit unserer langj\u00e4hrigen Erfahrung stehen wir Ihnen als kompetente Beratung und als zuverl\u00e4ssiger Dienstleister zur Seite. Wir begleiten Sie in diesen Prozessen von den ersten \u00dcberlegungen und Vorentw\u00fcrfen \u00fcber die \u00f6ffentlichen Verfahren bis hin zu den rechtskr\u00e4ftigen Bauleitpl\u00e4nen. Dabei legen wir Wert auf umfassende Beteiligung aller Fachplanungsrichtungen am Prozess. Durch unser interdisziplin\u00e4res Team k\u00f6nnen wir fr\u00fchzeitig umweltplanerische und artenschutzrechtliche Hinweise geben und in die Planung einflie\u00dfen lassen.<\/p>\n\n\n\n<figure class=\"wp-block-image\"><img alt=\"\"\/><\/figure>\n\n\n\n<h3 class=\"wp-block-heading\">Referenzen<\/h3>\n\n\n<div class=\"wp-block-themeisle-blocks-posts-grid\" id=\"wp-block-themeisle-blocks-posts-grid-a32781a8\"><div class=\"is-grid o-posts-grid-columns-3\"><div class=\"o-posts-grid-post-blog o-posts-grid-post-plain\"><div class=\"o-posts-grid-post\"><div class=\"o-posts-grid-post-image\"><a href=\"https:\/\/roosplan.de\/en\/stadtplanung\/weissach-im-tal-bebauungsplan-sondergebiet-solarpark-pfaffenklinge\/\"><img width=\"2000\" height=\"1333\" src=\"https:\/\/roosplan.de\/wp-content\/uploads\/2025\/06\/250604_SolarparkPfaffenklinge_01.jpg\" class=\"attachment-full size-full\" alt=\"\" decoding=\"async\" loading=\"lazy\" srcset=\"https:\/\/roosplan.de\/wp-content\/uploads\/2025\/06\/250604_SolarparkPfaffenklinge_01.jpg 2000w, https:\/\/roosplan.de\/wp-content\/uploads\/2025\/06\/250604_SolarparkPfaffenklinge_01-300x200.jpg 300w, https:\/\/roosplan.de\/wp-content\/uploads\/2025\/06\/250604_SolarparkPfaffenklinge_01-1024x682.jpg 1024w, https:\/\/roosplan.de\/wp-content\/uploads\/2025\/06\/250604_SolarparkPfaffenklinge_01-768x512.jpg 768w, https:\/\/roosplan.de\/wp-content\/uploads\/2025\/06\/250604_SolarparkPfaffenklinge_01-1536x1024.jpg 1536w, https:\/\/roosplan.de\/wp-content\/uploads\/2025\/06\/250604_SolarparkPfaffenklinge_01-18x12.jpg 18w, https:\/\/roosplan.de\/wp-content\/uploads\/2025\/06\/250604_SolarparkPfaffenklinge_01-930x620.jpg 930w\" sizes=\"(max-width: 2000px) 100vw, 2000px\" \/><\/a><\/div><div class=\"o-posts-grid-post-body\"><h5 class=\"o-posts-grid-post-title\"><a href=\"https:\/\/roosplan.de\/en\/stadtplanung\/weissach-im-tal-bebauungsplan-sondergebiet-solarpark-pfaffenklinge\/\">Weissach im Tal \u2013 Bebauungsplan Sondergebiet &#8222;Solarpark Pfaffenklinge&#8220;<\/a><\/h5><div class=\"o-posts-grid-post-description\"><\/div><\/div><\/div><\/div><div class=\"o-posts-grid-post-blog o-posts-grid-post-plain\"><div class=\"o-posts-grid-post\"><div class=\"o-posts-grid-post-image\"><a href=\"https:\/\/roosplan.de\/en\/stadtplanung\/allmersbach-im-tal-klimacheckliste\/\"><img width=\"2000\" height=\"1414\" src=\"https:\/\/roosplan.de\/wp-content\/uploads\/2025\/06\/250604_Klimacheckliste_03.jpg\" class=\"attachment-full size-full\" alt=\"\" decoding=\"async\" loading=\"lazy\" srcset=\"https:\/\/roosplan.de\/wp-content\/uploads\/2025\/06\/250604_Klimacheckliste_03.jpg 2000w, https:\/\/roosplan.de\/wp-content\/uploads\/2025\/06\/250604_Klimacheckliste_03-300x212.jpg 300w, https:\/\/roosplan.de\/wp-content\/uploads\/2025\/06\/250604_Klimacheckliste_03-1024x724.jpg 1024w, https:\/\/roosplan.de\/wp-content\/uploads\/2025\/06\/250604_Klimacheckliste_03-768x543.jpg 768w, https:\/\/roosplan.de\/wp-content\/uploads\/2025\/06\/250604_Klimacheckliste_03-1536x1086.jpg 1536w, https:\/\/roosplan.de\/wp-content\/uploads\/2025\/06\/250604_Klimacheckliste_03-18x12.jpg 18w\" sizes=\"(max-width: 2000px) 100vw, 2000px\" \/><\/a><\/div><div class=\"o-posts-grid-post-body\"><h5 class=\"o-posts-grid-post-title\"><a href=\"https:\/\/roosplan.de\/en\/stadtplanung\/allmersbach-im-tal-klimacheckliste\/\">Allmersbach im Tal \u2013 Klimacheckliste<\/a><\/h5><div class=\"o-posts-grid-post-description\"><\/div><\/div><\/div><\/div><div class=\"o-posts-grid-post-blog o-posts-grid-post-plain\"><div class=\"o-posts-grid-post\"><div class=\"o-posts-grid-post-image\"><a href=\"https:\/\/roosplan.de\/en\/stadtplanung\/schechingen-solarpark-groeninger-feld\/\"><img width=\"1016\" height=\"453\" src=\"https:\/\/roosplan.de\/wp-content\/uploads\/2023\/04\/Schechingen-P1.jpg\" class=\"attachment-full size-full\" alt=\"\" decoding=\"async\" loading=\"lazy\" srcset=\"https:\/\/roosplan.de\/wp-content\/uploads\/2023\/04\/Schechingen-P1.jpg 1016w, https:\/\/roosplan.de\/wp-content\/uploads\/2023\/04\/Schechingen-P1-300x134.jpg 300w, https:\/\/roosplan.de\/wp-content\/uploads\/2023\/04\/Schechingen-P1-768x342.jpg 768w, https:\/\/roosplan.de\/wp-content\/uploads\/2023\/04\/Schechingen-P1-18x8.jpg 18w\" sizes=\"(max-width: 1016px) 100vw, 1016px\" \/><\/a><\/div><div class=\"o-posts-grid-post-body\"><h5 class=\"o-posts-grid-post-title\"><a href=\"https:\/\/roosplan.de\/en\/stadtplanung\/schechingen-solarpark-groeninger-feld\/\">Schechingen \u2013 Solarpark &#8222;Gr\u00f6ninger Feld&#8220;<\/a><\/h5><div class=\"o-posts-grid-post-description\"><\/div><\/div><\/div><\/div><div class=\"o-posts-grid-post-blog o-posts-grid-post-plain\"><div class=\"o-posts-grid-post\"><div class=\"o-posts-grid-post-image\"><a href=\"https:\/\/roosplan.de\/en\/stadtplanung\/murrhardt-bebauungsplan-sondergebiet-hoerschbachbach-hasenhof\/\"><img width=\"2000\" height=\"1413\" src=\"https:\/\/roosplan.de\/wp-content\/uploads\/2025\/06\/250604_HoerschbachHasenhof_01.jpg\" class=\"attachment-full size-full\" alt=\"\" decoding=\"async\" loading=\"lazy\" srcset=\"https:\/\/roosplan.de\/wp-content\/uploads\/2025\/06\/250604_HoerschbachHasenhof_01.jpg 2000w, https:\/\/roosplan.de\/wp-content\/uploads\/2025\/06\/250604_HoerschbachHasenhof_01-300x212.jpg 300w, https:\/\/roosplan.de\/wp-content\/uploads\/2025\/06\/250604_HoerschbachHasenhof_01-1024x723.jpg 1024w, https:\/\/roosplan.de\/wp-content\/uploads\/2025\/06\/250604_HoerschbachHasenhof_01-768x543.jpg 768w, https:\/\/roosplan.de\/wp-content\/uploads\/2025\/06\/250604_HoerschbachHasenhof_01-1536x1085.jpg 1536w, https:\/\/roosplan.de\/wp-content\/uploads\/2025\/06\/250604_HoerschbachHasenhof_01-18x12.jpg 18w\" sizes=\"(max-width: 2000px) 100vw, 2000px\" \/><\/a><\/div><div class=\"o-posts-grid-post-body\"><h5 class=\"o-posts-grid-post-title\"><a href=\"https:\/\/roosplan.de\/en\/stadtplanung\/murrhardt-bebauungsplan-sondergebiet-hoerschbachbach-hasenhof\/\">Murrhardt \u2013 Bebauungsplan Sondergebiet H\u00f6rschbach-Hasenhof<\/a><\/h5><div class=\"o-posts-grid-post-description\"><\/div><\/div><\/div><\/div><div class=\"o-posts-grid-post-blog o-posts-grid-post-plain\"><div class=\"o-posts-grid-post\"><div class=\"o-posts-grid-post-image\"><a href=\"https:\/\/roosplan.de\/en\/stadtplanung\/allmersbach-im-tal-hofaecker\/\"><img width=\"1024\" height=\"640\" src=\"https:\/\/roosplan.de\/wp-content\/uploads\/2024\/06\/Test-Stadtplanung-Hofaecker.jpg\" class=\"attachment-full size-full\" alt=\"\" decoding=\"async\" loading=\"lazy\" srcset=\"https:\/\/roosplan.de\/wp-content\/uploads\/2024\/06\/Test-Stadtplanung-Hofaecker.jpg 1024w, https:\/\/roosplan.de\/wp-content\/uploads\/2024\/06\/Test-Stadtplanung-Hofaecker-300x188.jpg 300w, https:\/\/roosplan.de\/wp-content\/uploads\/2024\/06\/Test-Stadtplanung-Hofaecker-768x480.jpg 768w, https:\/\/roosplan.de\/wp-content\/uploads\/2024\/06\/Test-Stadtplanung-Hofaecker-18x12.jpg 18w\" sizes=\"(max-width: 1024px) 100vw, 1024px\" \/><\/a><\/div><div class=\"o-posts-grid-post-body\"><h5 class=\"o-posts-grid-post-title\"><a href=\"https:\/\/roosplan.de\/en\/stadtplanung\/allmersbach-im-tal-hofaecker\/\">Allmersbach im Tal &#8211; &#8222;Hof\u00e4cker 2&#8220;<\/a><\/h5><div class=\"o-posts-grid-post-description\"><\/div><\/div><\/div><\/div><div class=\"o-posts-grid-post-blog o-posts-grid-post-plain\"><div class=\"o-posts-grid-post\"><div class=\"o-posts-grid-post-image\"><a href=\"https:\/\/roosplan.de\/en\/stadtplanung\/aspach-bebauungsplan-wohngebiet-stegmuehlenweg\/\"><img width=\"2000\" height=\"1413\" src=\"https:\/\/roosplan.de\/wp-content\/uploads\/2025\/06\/250604_Stegmuehlenweg_01.jpg\" class=\"attachment-full size-full\" alt=\"\" decoding=\"async\" loading=\"lazy\" srcset=\"https:\/\/roosplan.de\/wp-content\/uploads\/2025\/06\/250604_Stegmuehlenweg_01.jpg 2000w, https:\/\/roosplan.de\/wp-content\/uploads\/2025\/06\/250604_Stegmuehlenweg_01-300x212.jpg 300w, https:\/\/roosplan.de\/wp-content\/uploads\/2025\/06\/250604_Stegmuehlenweg_01-1024x723.jpg 1024w, https:\/\/roosplan.de\/wp-content\/uploads\/2025\/06\/250604_Stegmuehlenweg_01-768x543.jpg 768w, https:\/\/roosplan.de\/wp-content\/uploads\/2025\/06\/250604_Stegmuehlenweg_01-1536x1085.jpg 1536w, https:\/\/roosplan.de\/wp-content\/uploads\/2025\/06\/250604_Stegmuehlenweg_01-18x12.jpg 18w\" sizes=\"(max-width: 2000px) 100vw, 2000px\" \/><\/a><\/div><div class=\"o-posts-grid-post-body\"><h5 class=\"o-posts-grid-post-title\"><a href=\"https:\/\/roosplan.de\/en\/stadtplanung\/aspach-bebauungsplan-wohngebiet-stegmuehlenweg\/\">Aspach \u2013 Bebauungsplan Wohngebiet &#8222;Stegm\u00fchlenweg&#8220;<\/a><\/h5><div class=\"o-posts-grid-post-description\"><\/div><\/div><\/div><\/div><div class=\"o-posts-grid-post-blog o-posts-grid-post-plain\"><div class=\"o-posts-grid-post\"><div class=\"o-posts-grid-post-image\"><a href=\"https:\/\/roosplan.de\/en\/stadtplanung\/weissach-im-tal-bebauungsplan-fuer-das-gebiet-wanne\/\"><img width=\"1600\" height=\"1267\" src=\"https:\/\/roosplan.de\/wp-content\/uploads\/2023\/04\/Furchgasse1.jpg\" class=\"attachment-full size-full\" alt=\"\" decoding=\"async\" loading=\"lazy\" srcset=\"https:\/\/roosplan.de\/wp-content\/uploads\/2023\/04\/Furchgasse1.jpg 1600w, https:\/\/roosplan.de\/wp-content\/uploads\/2023\/04\/Furchgasse1-300x238.jpg 300w, https:\/\/roosplan.de\/wp-content\/uploads\/2023\/04\/Furchgasse1-1024x811.jpg 1024w, https:\/\/roosplan.de\/wp-content\/uploads\/2023\/04\/Furchgasse1-768x608.jpg 768w, https:\/\/roosplan.de\/wp-content\/uploads\/2023\/04\/Furchgasse1-1536x1216.jpg 1536w, https:\/\/roosplan.de\/wp-content\/uploads\/2023\/04\/Furchgasse1-15x12.jpg 15w\" sizes=\"(max-width: 1600px) 100vw, 1600px\" \/><\/a><\/div><div class=\"o-posts-grid-post-body\"><h5 class=\"o-posts-grid-post-title\"><a href=\"https:\/\/roosplan.de\/en\/stadtplanung\/weissach-im-tal-bebauungsplan-fuer-das-gebiet-wanne\/\">Weinstadt \u2013 Wohnbaugebiet \u201cFurchgasse\u201d<\/a><\/h5><div class=\"o-posts-grid-post-description\"><\/div><\/div><\/div><\/div><div class=\"o-posts-grid-post-blog o-posts-grid-post-plain\"><div class=\"o-posts-grid-post\"><div class=\"o-posts-grid-post-image\"><a href=\"https:\/\/roosplan.de\/en\/stadtplanung\/weinstadt-bebauungsplan-wohngebiet-furchgasse\/\"><img width=\"1024\" height=\"455\" src=\"https:\/\/roosplan.de\/wp-content\/uploads\/2020\/06\/referenz-wanne-weissach-e1606936075271.jpg\" class=\"attachment-full size-full\" alt=\"Stadtplanung Referenz Wanne Weissach im Tal (Bild: roosplan)\" decoding=\"async\" loading=\"lazy\" srcset=\"https:\/\/roosplan.de\/wp-content\/uploads\/2020\/06\/referenz-wanne-weissach-e1606936075271.jpg 1024w, https:\/\/roosplan.de\/wp-content\/uploads\/2020\/06\/referenz-wanne-weissach-e1606936075271-300x133.jpg 300w, https:\/\/roosplan.de\/wp-content\/uploads\/2020\/06\/referenz-wanne-weissach-e1606936075271-768x341.jpg 768w, https:\/\/roosplan.de\/wp-content\/uploads\/2020\/06\/referenz-wanne-weissach-e1606936075271-900x400.jpg 900w\" sizes=\"(max-width: 1024px) 100vw, 1024px\" \/><\/a><\/div><div class=\"o-posts-grid-post-body\"><h5 class=\"o-posts-grid-post-title\"><a href=\"https:\/\/roosplan.de\/en\/stadtplanung\/weinstadt-bebauungsplan-wohngebiet-furchgasse\/\">Weissach im Tal \u2013\u00a0Bebauungsplan f\u00fcr das Gebiet &#8222;Wanne&#8220;<\/a><\/h5><div class=\"o-posts-grid-post-description\"><\/div><\/div><\/div><\/div><div class=\"o-posts-grid-post-blog o-posts-grid-post-plain\"><div class=\"o-posts-grid-post\"><div class=\"o-posts-grid-post-image\"><a href=\"https:\/\/roosplan.de\/en\/stadtplanung\/weissach-im-tal-bebauungsplan-wohngebiet-fuchsklinge\/\"><img width=\"1013\" height=\"450\" src=\"https:\/\/roosplan.de\/wp-content\/uploads\/2020\/06\/referenz-fuchsklinge-e1606936149330.jpg\" class=\"attachment-full size-full\" alt=\"Stadtplanung Referenz Fuchsklinge (Bild: roosplan)\" decoding=\"async\" loading=\"lazy\" srcset=\"https:\/\/roosplan.de\/wp-content\/uploads\/2020\/06\/referenz-fuchsklinge-e1606936149330.jpg 1013w, https:\/\/roosplan.de\/wp-content\/uploads\/2020\/06\/referenz-fuchsklinge-e1606936149330-300x133.jpg 300w, https:\/\/roosplan.de\/wp-content\/uploads\/2020\/06\/referenz-fuchsklinge-e1606936149330-768x341.jpg 768w, https:\/\/roosplan.de\/wp-content\/uploads\/2020\/06\/referenz-fuchsklinge-e1606936149330-900x400.jpg 900w\" sizes=\"(max-width: 1013px) 100vw, 1013px\" \/><\/a><\/div><div class=\"o-posts-grid-post-body\"><h5 class=\"o-posts-grid-post-title\"><a href=\"https:\/\/roosplan.de\/en\/stadtplanung\/weissach-im-tal-bebauungsplan-wohngebiet-fuchsklinge\/\">Weissach im Tal \u2013\u00a0Bebauungsplan Wohngebiet &#8222;Fuchsklinge&#8220;<\/a><\/h5><div class=\"o-posts-grid-post-description\"><\/div><\/div><\/div><\/div><\/div> <\/div>\n\n\n<div class=\"wp-block-columns is-layout-flex wp-container-1\"><\/div>\n\n\n\n<figure class=\"wp-block-image\"><img alt=\"\"\/><\/figure>\n\n\n\n<h3 class=\"wp-block-heading\">Leistungen<\/h3>\n\n\n\n<div class=\"wp-block-columns is-layout-flex wp-container-4\">\n<div class=\"wp-block-column is-layout-flow\">\n<ul>\n<li>St\u00e4dtebauliche Entw\u00fcrfe und Konzepte<\/li>\n\n\n\n<li>St\u00e4dtebauliche Entwicklungsma\u00dfnahmen<\/li>\n\n\n\n<li>Gr\u00fcnordnungspl\u00e4ne<\/li>\n\n\n\n<li>Bebauungspl\u00e4ne<\/li>\n<\/ul>\n<\/div>\n\n\n\n<div class=\"wp-block-column is-layout-flow\">\n<ul>\n<li>Fl\u00e4chennutzungspl\u00e4ne<\/li>\n\n\n\n<li>St\u00e4dtebauliche Gutachten und Stellungnahmen<\/li>\n\n\n\n<li>St\u00e4dtebauliche Potentialfl\u00e4chenuntersuchungen<\/li>\n\n\n\n<li>Verfahren zur Beteiligung der \u00d6ffentlichkeit&nbsp;<\/li>\n<\/ul>\n<\/div>\n<\/div>\n\n\n<p><\/p>","protected":false},"excerpt":{"rendered":"<p>Stadt- und Regionalplanung F\u00fcr St\u00e4dte und Gemeinden ist die bauliche Entwicklung, die Aufwertung inner\u00f6rtlichen Lagen, das Bereitstellen gewerblichen Fl\u00e4chen und Wohnbaufl\u00e4chen ein grundlegendes Handlungsfeld ihrer Politik. Es gilt in einem vielf\u00e4ltigen Spannungsfeld einzelner Interessen, angemessene r\u00e4umliche L\u00f6sungen f\u00fcr das Wohnen und Arbeiten, sowie die damit verbundenen Verkehrswege zu finden. Mit unserer langj\u00e4hrigen Erfahrung stehen wir&hellip;&nbsp;<a href=\"https:\/\/roosplan.de\/en\/stadtplanung\/\" class=\"\" rel=\"bookmark\">Read More &raquo;<span class=\"screen-reader-text\">Stadtplanung<\/span><\/a><\/p>","protected":false},"author":2,"featured_media":0,"parent":0,"menu_order":0,"comment_status":"closed","ping_status":"closed","template":"","meta":{"neve_meta_sidebar":"","neve_meta_container":"","neve_meta_enable_content_width":"","neve_meta_content_width":0,"neve_meta_title_alignment":"","neve_meta_author_avatar":"","neve_post_elements_order":"","neve_meta_disable_header":"","neve_meta_disable_footer":"","neve_meta_disable_title":"on","neve_meta_reading_time":"","_themeisle_gutenberg_block_has_review":false,"_links_to":"","_links_to_target":""},"tags":[19],"yoast_head":"<!-- This site is optimized with the Yoast SEO plugin v21.8.1 - https:\/\/yoast.com\/wordpress\/plugins\/seo\/ -->\n<title>Stadtplanung - roosplan<\/title>\n<meta name=\"description\" content=\"Begutachtung, Planung und mehr: roosplan steht f\u00fcr \u00f6kologische und nachhaltige Stadtplanung. Das sind unsere Leistungen und Referenzen.\" \/>\n<meta name=\"robots\" content=\"index, follow, max-snippet:-1, max-image-preview:large, max-video-preview:-1\" \/>\n<link rel=\"canonical\" href=\"https:\/\/roosplan.de\/en\/stadtplanung\/\" \/>\n<meta property=\"og:locale\" content=\"en_GB\" \/>\n<meta property=\"og:type\" content=\"article\" \/>\n<meta property=\"og:title\" content=\"Stadtplanung - roosplan\" \/>\n<meta property=\"og:description\" content=\"Begutachtung, Planung und mehr: roosplan steht f\u00fcr \u00f6kologische und nachhaltige Stadtplanung. Das sind unsere Leistungen und Referenzen.\" \/>\n<meta property=\"og:url\" content=\"https:\/\/roosplan.de\/en\/stadtplanung\/\" \/>\n<meta property=\"og:site_name\" content=\"roosplan\" \/>\n<meta property=\"article:modified_time\" content=\"2025-07-30T12:19:16+00:00\" \/>\n<meta property=\"og:image\" content=\"https:\/\/roosplan.de\/wp-content\/uploads\/2023\/09\/Stadtplanung_schmal-farbe-ohne-Windrad-1024x261.jpg\" \/>\n<meta name=\"twitter:card\" content=\"summary_large_image\" \/>\n<meta name=\"twitter:label1\" content=\"Estimated reading time\" \/>\n\t<meta name=\"twitter:data1\" content=\"2 minutes\" \/>\n<script type=\"application\/ld+json\" class=\"yoast-schema-graph\">{\"@context\":\"https:\/\/schema.org\",\"@graph\":[{\"@type\":\"WebPage\",\"@id\":\"https:\/\/roosplan.de\/stadtplanung\/\",\"url\":\"https:\/\/roosplan.de\/stadtplanung\/\",\"name\":\"Stadtplanung - roosplan\",\"isPartOf\":{\"@id\":\"https:\/\/roosplan.de\/#website\"},\"datePublished\":\"2020-06-14T17:49:31+00:00\",\"dateModified\":\"2025-07-30T12:19:16+00:00\",\"description\":\"Begutachtung, Planung und mehr: roosplan steht f\u00fcr \u00f6kologische und nachhaltige Stadtplanung. Das sind unsere Leistungen und Referenzen.\",\"breadcrumb\":{\"@id\":\"https:\/\/roosplan.de\/stadtplanung\/#breadcrumb\"},\"inLanguage\":\"en-GB\",\"potentialAction\":[{\"@type\":\"ReadAction\",\"target\":[\"https:\/\/roosplan.de\/stadtplanung\/\"]}]},{\"@type\":\"BreadcrumbList\",\"@id\":\"https:\/\/roosplan.de\/stadtplanung\/#breadcrumb\",\"itemListElement\":[{\"@type\":\"ListItem\",\"position\":1,\"name\":\"Startseite\",\"item\":\"https:\/\/roosplan.de\/\"},{\"@type\":\"ListItem\",\"position\":2,\"name\":\"Stadtplanung\"}]},{\"@type\":\"WebSite\",\"@id\":\"https:\/\/roosplan.de\/#website\",\"url\":\"https:\/\/roosplan.de\/\",\"name\":\"roosplan\",\"description\":\"Planungsb\u00fcro f\u00fcr Freiraum, Stadt und Landschaft\",\"publisher\":{\"@id\":\"https:\/\/roosplan.de\/#organization\"},\"potentialAction\":[{\"@type\":\"SearchAction\",\"target\":{\"@type\":\"EntryPoint\",\"urlTemplate\":\"https:\/\/roosplan.de\/?s={search_term_string}\"},\"query-input\":\"required name=search_term_string\"}],\"inLanguage\":\"en-GB\"},{\"@type\":\"Organization\",\"@id\":\"https:\/\/roosplan.de\/#organization\",\"name\":\"roosplan\",\"url\":\"https:\/\/roosplan.de\/\",\"logo\":{\"@type\":\"ImageObject\",\"inLanguage\":\"en-GB\",\"@id\":\"https:\/\/roosplan.de\/#\/schema\/logo\/image\/\",\"url\":\"https:\/\/roosplan.de\/wp-content\/uploads\/2022\/05\/cropped-roosplan-logo-web.jpg\",\"contentUrl\":\"https:\/\/roosplan.de\/wp-content\/uploads\/2022\/05\/cropped-roosplan-logo-web.jpg\",\"width\":583,\"height\":138,\"caption\":\"roosplan\"},\"image\":{\"@id\":\"https:\/\/roosplan.de\/#\/schema\/logo\/image\/\"}}]}<\/script>\n<!-- \/ Yoast SEO plugin. -->","yoast_head_json":{"title":"Stadtplanung - roosplan","description":"Begutachtung, Planung und mehr: roosplan steht f\u00fcr \u00f6kologische und nachhaltige Stadtplanung. Das sind unsere Leistungen und Referenzen.","robots":{"index":"index","follow":"follow","max-snippet":"max-snippet:-1","max-image-preview":"max-image-preview:large","max-video-preview":"max-video-preview:-1"},"canonical":"https:\/\/roosplan.de\/en\/stadtplanung\/","og_locale":"en_GB","og_type":"article","og_title":"Stadtplanung - roosplan","og_description":"Begutachtung, Planung und mehr: roosplan steht f\u00fcr \u00f6kologische und nachhaltige Stadtplanung. Das sind unsere Leistungen und Referenzen.","og_url":"https:\/\/roosplan.de\/en\/stadtplanung\/","og_site_name":"roosplan","article_modified_time":"2025-07-30T12:19:16+00:00","og_image":[{"url":"https:\/\/roosplan.de\/wp-content\/uploads\/2023\/09\/Stadtplanung_schmal-farbe-ohne-Windrad-1024x261.jpg"}],"twitter_card":"summary_large_image","twitter_misc":{"Estimated reading time":"2 minutes"},"schema":{"@context":"https:\/\/schema.org","@graph":[{"@type":"WebPage","@id":"https:\/\/roosplan.de\/stadtplanung\/","url":"https:\/\/roosplan.de\/stadtplanung\/","name":"Stadtplanung - roosplan","isPartOf":{"@id":"https:\/\/roosplan.de\/#website"},"datePublished":"2020-06-14T17:49:31+00:00","dateModified":"2025-07-30T12:19:16+00:00","description":"Begutachtung, Planung und mehr: roosplan steht f\u00fcr \u00f6kologische und nachhaltige Stadtplanung. Das sind unsere Leistungen und Referenzen.","breadcrumb":{"@id":"https:\/\/roosplan.de\/stadtplanung\/#breadcrumb"},"inLanguage":"en-GB","potentialAction":[{"@type":"ReadAction","target":["https:\/\/roosplan.de\/stadtplanung\/"]}]},{"@type":"BreadcrumbList","@id":"https:\/\/roosplan.de\/stadtplanung\/#breadcrumb","itemListElement":[{"@type":"ListItem","position":1,"name":"Startseite","item":"https:\/\/roosplan.de\/"},{"@type":"ListItem","position":2,"name":"Stadtplanung"}]},{"@type":"WebSite","@id":"https:\/\/roosplan.de\/#website","url":"https:\/\/roosplan.de\/","name":"roosplan","description":"Planungsb\u00fcro f\u00fcr Freiraum, Stadt und Landschaft","publisher":{"@id":"https:\/\/roosplan.de\/#organization"},"potentialAction":[{"@type":"SearchAction","target":{"@type":"EntryPoint","urlTemplate":"https:\/\/roosplan.de\/?s={search_term_string}"},"query-input":"required name=search_term_string"}],"inLanguage":"en-GB"},{"@type":"Organization","@id":"https:\/\/roosplan.de\/#organization","name":"roosplan","url":"https:\/\/roosplan.de\/","logo":{"@type":"ImageObject","inLanguage":"en-GB","@id":"https:\/\/roosplan.de\/#\/schema\/logo\/image\/","url":"https:\/\/roosplan.de\/wp-content\/uploads\/2022\/05\/cropped-roosplan-logo-web.jpg","contentUrl":"https:\/\/roosplan.de\/wp-content\/uploads\/2022\/05\/cropped-roosplan-logo-web.jpg","width":583,"height":138,"caption":"roosplan"},"image":{"@id":"https:\/\/roosplan.de\/#\/schema\/logo\/image\/"}}]}},"_links":{"self":[{"href":"https:\/\/roosplan.de\/en\/wp-json\/wp\/v2\/pages\/174"}],"collection":[{"href":"https:\/\/roosplan.de\/en\/wp-json\/wp\/v2\/pages"}],"about":[{"href":"https:\/\/roosplan.de\/en\/wp-json\/wp\/v2\/types\/page"}],"author":[{"embeddable":true,"href":"https:\/\/roosplan.de\/en\/wp-json\/wp\/v2\/users\/2"}],"replies":[{"embeddable":true,"href":"https:\/\/roosplan.de\/en\/wp-json\/wp\/v2\/comments?post=174"}],"version-history":[{"count":47,"href":"https:\/\/roosplan.de\/en\/wp-json\/wp\/v2\/pages\/174\/revisions"}],"predecessor-version":[{"id":3311,"href":"https:\/\/roosplan.de\/en\/wp-json\/wp\/v2\/pages\/174\/revisions\/3311"}],"wp:attachment":[{"href":"https:\/\/roosplan.de\/en\/wp-json\/wp\/v2\/media?parent=174"}],"wp:term":[{"taxonomy":"post_tag","embeddable":true,"href":"https:\/\/roosplan.de\/en\/wp-json\/wp\/v2\/tags?post=174"}],"curies":[{"name":"wp","href":"https:\/\/api.w.org\/{rel}","templated":true}]}}